{"id":236,"date":"2023-09-12T23:16:02","date_gmt":"2023-09-12T21:16:02","guid":{"rendered":"https:\/\/marinewallon.fr\/?page_id=236"},"modified":"2026-03-17T09:53:55","modified_gmt":"2026-03-17T08:53:55","slug":"text-2021-lignes-breves","status":"publish","type":"page","link":"https:\/\/marinewallon.fr\/?page_id=236","title":{"rendered":"Text 2020, Lignes Br\u00e8ves"},"content":{"rendered":"\n<h1 class=\"wp-block-heading\" style=\"font-size:28px\">Critical texts<\/h1>\n\n\n<style>.wp-block-kadence-spacer.kt-block-spacer-236_74f83c-4e .kt-block-spacer{height:10px;}.wp-block-kadence-spacer.kt-block-spacer-236_74f83c-4e .kt-divider{border-top-width:1px;height:1px;border-top-color:var(--global-palette1, #3182CE);width:80%;border-top-style:solid;}<\/style>\n<div class=\"wp-block-kadence-spacer aligncenter kt-block-spacer-236_74f83c-4e\"><div class=\"kt-block-spacer kt-block-spacer-halign-center\"><hr class=\"kt-divider\"\/><\/div><\/div>\n\n\n\n<div class=\"wp-block-columns is-layout-flex wp-container-core-columns-is-layout-1 wp-block-columns-is-layout-flex\">\n<div class=\"wp-block-column is-layout-flow wp-block-column-is-layout-flow\" style=\"flex-basis:38%\">\n<p><code>2026<\/code><br>\u00b7 <a href=\"https:\/\/marinewallon.fr\/?page_id=2381\/#go23\">Paul Ardenne<\/a><br><br><code>2025<\/code><br>\u00b7 <a href=\"https:\/\/marinewallon.fr\/?page_id=2181\/#go21\">Thomas Delamarre<\/a><br><br><code>2024<\/code><br>\u00b7 <a href=\"https:\/\/marinewallon.fr\/?page_id=1768\/#go0\">Dominique Pa\u00efni<\/a><br>\u00b7 <a href=\"https:\/\/marinewallon.fr\/?page_id=1773\/#go1\">Elsa Hougue<\/a><br><br><code>2023<\/code><br>\u00b7 <a href=\"https:\/\/marinewallon.fr\/?page_id=1388\">Estelle Marois<\/a><br>\u00b7 <a href=\"https:\/\/marinewallon.fr\/?page_id=146\/#go18\">Didier Semin<\/a><br>\u00b7 <a data-type=\"page\" data-id=\"1643\" href=\"https:\/\/marinewallon.fr\/?page_id=1643\/#go20\">Marie Maertens<\/a><br>\u00b7 <a href=\"https:\/\/marinewallon.fr\/?page_id=197\/#go16\">Marie de Brugerolle &amp; Anne Dary<\/a><br><br><code>2022<\/code><br>\u00b7 <a href=\"https:\/\/marinewallon.fr\/?page_id=187\/#go17\">Guy Boyer<\/a><br>\u00b7 <a href=\"https:\/\/marinewallon.fr\/?page_id=215\/#go15\">Benoit Blanchard &amp; Sarah Mercadante<\/a><br><br><code>2021<\/code><br>\u00b7 <a data-type=\"page\" data-id=\"230\" href=\"https:\/\/marinewallon.fr\/?page_id=230\/#go14\">Jo\u00ebl Riff<\/a><br>\u00b7 <a data-type=\"page\" data-id=\"232\" href=\"https:\/\/marinewallon.fr\/?page_id=232\/#go13\">Conversation<br><mark style=\"background-color:rgba(0, 0, 0, 0)\" class=\"has-inline-color has-theme-palette-1-color\">\u2014  <\/mark> Jennifer Douzenel \u2014 M. Wallon<\/a><br>\u00b7 <a data-type=\"page\" data-id=\"234\" href=\"https:\/\/marinewallon.fr\/?page_id=234\/#go12\">Horya Makhlouf<\/a><br><br><code>2020<\/code><br><strong><strong><strong><strong>\u2192<\/strong><\/strong> <\/strong>Lignes Br\u00e8ves<\/strong><br><br><code>2019<\/code><br>\u00b7 <a data-type=\"page\" data-id=\"238\" href=\"https:\/\/marinewallon.fr\/?page_id=238\/#go10\">Jo\u00ebl Riff<\/a><br>\u00b7 <a data-type=\"page\" data-id=\"240\" href=\"https:\/\/marinewallon.fr\/?page_id=240\/#go9\">Entretien avec Karin Schlageter<\/a><br><br><code>2018\u00a0<\/code><br>\u00b7 <a data-type=\"page\" data-id=\"242\" href=\"https:\/\/marinewallon.fr\/?page_id=242\/#go8\">Sarah Ilher-Meyer<\/a><br>\u00b7 <a data-type=\"page\" data-id=\"244\" href=\"https:\/\/marinewallon.fr\/?page_id=244\/#go7\">Entretien avec Point Contemporain<\/a><br><br><code>2017<\/code><br>\u00b7 <a data-type=\"page\" data-id=\"246\" href=\"https:\/\/marinewallon.fr\/?page_id=246\/#go6\">Anne Collongues<\/a><br>\u00b7 <a data-type=\"page\" data-id=\"248\" href=\"https:\/\/marinewallon.fr\/?page_id=248\/#go5\">Th\u00e9o-Mario Coppola<\/a><br><br><code>2015<\/code><br>\u00b7 <a data-type=\"page\" data-id=\"250\" href=\"https:\/\/marinewallon.fr\/?page_id=250\/#go4\">Marianne Derrien,<br><mark style=\"background-color:rgba(0, 0, 0, 0)\" class=\"has-inline-color has-theme-palette-1-color\">\u2014  <\/mark><em>Le mirage des images<\/em><\/a><br><br><code>2014<\/code><br>\u00b7 <a data-type=\"page\" data-id=\"252\" href=\"https:\/\/marinewallon.fr\/?page_id=252\/#go3\">Marion Delage de Luget,<br><mark style=\"background-color:rgba(0, 0, 0, 0)\" class=\"has-inline-color has-theme-palette-1-color\">\u2014  <\/mark><em>L&rsquo;horizontalit\u00e9 \u00e0 l\u2019\u0153uvre<\/em><\/a><br><br><code>2013\u00a0<\/code><br>\u00b7 <a data-type=\"page\" data-id=\"254\" href=\"https:\/\/marinewallon.fr\/?page_id=254\/#go2\">Marianne Derrien,<br><mark style=\"background-color:rgba(0, 0, 0, 0)\" class=\"has-inline-color has-theme-palette-1-color\">\u2014  <\/mark><em>Saxifraga Umbrosa<\/em><\/a><br><br><code>2011<\/code><br>\u00b7 <a href=\"https:\/\/marinewallon.fr\/?page_id=256\/#go1b\">Anne Collongues<\/a><\/p>\n<\/div>\n\n\n\n<div class=\"wp-block-column is-layout-flow wp-block-column-is-layout-flow\" style=\"flex-basis:64%\">\n<h2 class=\"wp-block-heading\" id=\"go11\"><\/h2>\n\n\n<style>.wp-block-kadence-spacer.kt-block-spacer-236_825fd1-d0 .kt-block-spacer{height:14px;}.wp-block-kadence-spacer.kt-block-spacer-236_825fd1-d0 .kt-divider{border-top-width:1px;height:1px;border-top-color:var(--global-palette3, #1A202C);width:100%;border-top-style:solid;}<\/style>\n<div class=\"wp-block-kadence-spacer aligncenter kt-block-spacer-236_825fd1-d0\"><div class=\"kt-block-spacer kt-block-spacer-halign-center\"><hr class=\"kt-divider\"\/><\/div><\/div>\n\n\n\n<p class=\"has-small-font-size\"><strong>Exposition Lignes Br\u00e8ves<\/strong> <br>Galerie Catherine Issert, Saint-Paul de Vence, FR&nbsp;<br>du 14 mars au 23 mai 2020&nbsp;<br><br>Entre m\u00e9moire, oubli et perte de rep\u00e8res, les \u0153uvres de Marine Wallon ont pour origine des images pr\u00e9lev\u00e9es, recadr\u00e9es, issues de films ou d\u2019archives de publicit\u00e9s vantant des destinations touristiques. Surgissement de couleurs et de mati\u00e8res, sa peinture miroite l\u2019existence d\u2019une nature plus ou moins dompt\u00e9e par l\u2019humain. \u00c0 la mani\u00e8re des Pa\u00e9sines, ces pierres \u00e0 images issues du calcaire italien qui, une fois tranch\u00e9es, composent des paysages \u00e0 l\u2019aspect ruiniforme, elle tranche dans la mati\u00e8re iconographique pour en extraire des images pr\u00e9cises. Si elle conserve le point de vue cin\u00e9matographique de ses captures d\u2019\u00e9cran, Marine Wallon en brouille les figures au moyen de larges coups de brosse pour composer des \u0153uvres oscillant entre figuration et abstraction. &nbsp;<\/p>\n\n\n\n<p class=\"has-small-font-size\">N\u00e9e d\u2019un d\u00e9sir de montrer des recherches autour de la peinture contemporaine,<em> Lignes br\u00e8ves<\/em><sup>1<\/sup> r\u00e9unit quatre artistes \u2014 Agathe Dos Santos, Olivier Masmonteil, Anne Neukamp et Marine Wallon \u2014 qui exposent pour la premi\u00e8re fois \u00e0 la galerie Catherine Issert.&nbsp;<br>Une rencontre entre plusieurs g\u00e9n\u00e9rations de peintres, qui tous, r\u00e9actualisent de possibles repr\u00e9sentations du r\u00e9el par le biais de la figure, du signe, ou de la trace. Des gestes picturaux fondamentaux, qui se nourrissent de n\u0153uds r\u00e9f\u00e9rentiels m\u00ealant des citations historiques \u00e0 des vocables issus du cin\u00e9ma, de la photographie et des m\u00e9dias num\u00e9riques. &nbsp;<br>Comme le rappelle Tim Ingold, nous avons l\u2019habitude de consid\u00e9rer l\u2019activite\u0301 humaine \u2014 ici, en l\u2019occurrence le geste artistique \u2014 comme la traduction d\u2019une id\u00e9e en figure, l\u2019imposition d\u2019une forme sur une mati\u00e8re. Ce qui constitue notre habilete\u0301 serait en r\u00e9alite\u0301 \u00e0 voir comme un enchev\u00eatrement de lignes : \u00ab celles que trace l\u2019agent humain, bien entendu, mais aussi celles qu\u2019il s\u2019efforce de suivre et d\u2019\u00e9pouser au sein du mat\u00e9riau, celles qui orientent et rythment ses pratiques au sein d\u2019un environnement (&#8230;). <sup>2<\/sup>\u00bb Guid\u00e9e par cette observation anthropologique, l\u2019exposition<em> Lignes br\u00e8ves<\/em> propose de consid\u00e9rer l\u2019\u0153uvre de ces quatre peintres par le prisme de la ligne. &nbsp;<br>Pour Olivier Masmonteil, le travail de rayures color\u00e9es sur paysages induit une recherche de parcours, aussi bien du paysage que du regard. Chez Anne Neukamp, on note un app\u00e9tit pour la ligne sous des formes diverses et synth\u00e9tis\u00e9es (bout de corde, d\u2019anneau, de trombone, graphismes lin\u00e9aires divers). Agathe Dos Santos aborde la peinture comme des tissages d\u2019\u00e9l\u00e9ments diff\u00e9rents voire oppos\u00e9s, auxquels elle redonne sens par un travail de juxtaposition. Le travail de peinture de Marine Wallon recherche quant a\u0300 lui une \u00e9conomie de traits afin de capter la fugacite\u0301 de l\u2019instant pictural. &nbsp;<br>Un cheminement itin\u00e9rant dans le champ du tableau, guid\u00e9 par le travail gestuel du peintre, qui longe, traverse et surplombe sa surface plane pour construire sa composition.&nbsp;<\/p>\n\n\n\n<h2 class=\"wp-block-heading\" id=\"block-0f3e0b3c-abfd-4ef2-850c-808e5a8c7b3a\" style=\"font-size:12px\">________<br><sup>1<\/sup> Titre qui fait r\u00e9f\u00e9rence \u00e0 l\u2019ouvrage <em>Une br\u00e8ve histoire des lignes<\/em> de l\u2019anthropologue Tim Ingold (2007), trad. Sophie Renaud, Bruxelles, Zones Sensibles, 2011<br><sup>2<\/sup> <em>\u00ab Pour une \u00e9cologie des lignes et des tissages \u00bb<\/em>, Yves Citton en collaboration avec Saskia Walentowitz, Revue des Livres, n\u00b0 4, mars 2012, p. 28-39.<\/h2>\n<\/div>\n<\/div>\n","protected":false},"excerpt":{"rendered":"<p>Critical texts 2026\u00b7 Paul Ardenne 2025\u00b7 Thomas Delamarre 2024\u00b7 Dominique Pa\u00efni\u00b7 Elsa Hougue 2023\u00b7 Estelle Marois\u00b7 Didier Semin\u00b7 Marie Maertens\u00b7 Marie de Brugerolle &amp; Anne Dary 2022\u00b7 Guy Boyer\u00b7 Benoit Blanchard &amp; Sarah Mercadante 2021\u00b7 Jo\u00ebl Riff\u00b7 Conversation\u2014 Jennifer Douzenel \u2014 M. Wallon\u00b7 Horya Makhlouf 2020\u2192 Lignes Br\u00e8ves 2019\u00b7 Jo\u00ebl Riff\u00b7 Entretien avec Karin Schlageter&#8230;<\/p>\n","protected":false},"author":1,"featured_media":0,"parent":0,"menu_order":0,"comment_status":"closed","ping_status":"closed","template":"","meta":{"_kad_post_transparent":"","_kad_post_title":"","_kad_post_layout":"","_kad_post_sidebar_id":"","_kad_post_content_style":"","_kad_post_vertical_padding":"","_kad_post_feature":"","_kad_post_feature_position":"","_kad_post_header":false,"_kad_post_footer":false,"footnotes":""},"yoast_head":"<!-- This site is optimized with the Yoast SEO plugin v21.6 - https:\/\/yoast.com\/wordpress\/plugins\/seo\/ -->\n<title>Text 2020, Lignes Br\u00e8ves - MARINE WALLON<\/title>\n<meta name=\"robots\" content=\"index, follow, max-snippet:-1, max-image-preview:large, max-video-preview:-1\" \/>\n<link rel=\"canonical\" href=\"https:\/\/marinewallon.fr\/?page_id=236\" \/>\n<meta property=\"og:locale\" content=\"fr_FR\" \/>\n<meta property=\"og:type\" content=\"article\" \/>\n<meta property=\"og:title\" content=\"Text 2020, Lignes Br\u00e8ves - MARINE WALLON\" \/>\n<meta property=\"og:description\" content=\"Critical texts 2026\u00b7 Paul Ardenne 2025\u00b7 Thomas Delamarre 2024\u00b7 Dominique Pa\u00efni\u00b7 Elsa Hougue 2023\u00b7 Estelle Marois\u00b7 Didier Semin\u00b7 Marie Maertens\u00b7 Marie de Brugerolle &amp; Anne Dary 2022\u00b7 Guy Boyer\u00b7 Benoit Blanchard &amp; Sarah Mercadante 2021\u00b7 Jo\u00ebl Riff\u00b7 Conversation\u2014 Jennifer Douzenel \u2014 M. Wallon\u00b7 Horya Makhlouf 2020\u2192 Lignes Br\u00e8ves 2019\u00b7 Jo\u00ebl Riff\u00b7 Entretien avec Karin Schlageter...\" \/>\n<meta property=\"og:url\" content=\"https:\/\/marinewallon.fr\/?page_id=236\" \/>\n<meta property=\"og:site_name\" content=\"MARINE WALLON\" \/>\n<meta property=\"article:modified_time\" content=\"2026-03-17T08:53:55+00:00\" \/>\n<meta name=\"twitter:card\" content=\"summary_large_image\" \/>\n<meta name=\"twitter:label1\" content=\"Dur\u00e9e de lecture estim\u00e9e\" \/>\n\t<meta name=\"twitter:data1\" content=\"4 minutes\" \/>\n<script type=\"application\/ld+json\" class=\"yoast-schema-graph\">{\"@context\":\"https:\/\/schema.org\",\"@graph\":[{\"@type\":\"WebPage\",\"@id\":\"https:\/\/marinewallon.fr\/?page_id=236\",\"url\":\"https:\/\/marinewallon.fr\/?page_id=236\",\"name\":\"Text 2020, Lignes Br\u00e8ves - MARINE WALLON\",\"isPartOf\":{\"@id\":\"https:\/\/marinewallon.fr\/#website\"},\"datePublished\":\"2023-09-12T21:16:02+00:00\",\"dateModified\":\"2026-03-17T08:53:55+00:00\",\"breadcrumb\":{\"@id\":\"https:\/\/marinewallon.fr\/?page_id=236#breadcrumb\"},\"inLanguage\":\"fr-FR\",\"potentialAction\":[{\"@type\":\"ReadAction\",\"target\":[\"https:\/\/marinewallon.fr\/?page_id=236\"]}]},{\"@type\":\"BreadcrumbList\",\"@id\":\"https:\/\/marinewallon.fr\/?page_id=236#breadcrumb\",\"itemListElement\":[{\"@type\":\"ListItem\",\"position\":1,\"name\":\"Accueil\",\"item\":\"https:\/\/marinewallon.fr\/\"},{\"@type\":\"ListItem\",\"position\":2,\"name\":\"Text 2020, Lignes Br\u00e8ves\"}]},{\"@type\":\"WebSite\",\"@id\":\"https:\/\/marinewallon.fr\/#website\",\"url\":\"https:\/\/marinewallon.fr\/\",\"name\":\"MARINE WALLON\",\"description\":\"\",\"alternateName\":\"marinewallon\",\"potentialAction\":[{\"@type\":\"SearchAction\",\"target\":{\"@type\":\"EntryPoint\",\"urlTemplate\":\"https:\/\/marinewallon.fr\/?s={search_term_string}\"},\"query-input\":\"required name=search_term_string\"}],\"inLanguage\":\"fr-FR\"}]}<\/script>\n<!-- \/ Yoast SEO plugin. -->","yoast_head_json":{"title":"Text 2020, Lignes Br\u00e8ves - MARINE WALLON","robots":{"index":"index","follow":"follow","max-snippet":"max-snippet:-1","max-image-preview":"max-image-preview:large","max-video-preview":"max-video-preview:-1"},"canonical":"https:\/\/marinewallon.fr\/?page_id=236","og_locale":"fr_FR","og_type":"article","og_title":"Text 2020, Lignes Br\u00e8ves - MARINE WALLON","og_description":"Critical texts 2026\u00b7 Paul Ardenne 2025\u00b7 Thomas Delamarre 2024\u00b7 Dominique Pa\u00efni\u00b7 Elsa Hougue 2023\u00b7 Estelle Marois\u00b7 Didier Semin\u00b7 Marie Maertens\u00b7 Marie de Brugerolle &amp; Anne Dary 2022\u00b7 Guy Boyer\u00b7 Benoit Blanchard &amp; Sarah Mercadante 2021\u00b7 Jo\u00ebl Riff\u00b7 Conversation\u2014 Jennifer Douzenel \u2014 M. Wallon\u00b7 Horya Makhlouf 2020\u2192 Lignes Br\u00e8ves 2019\u00b7 Jo\u00ebl Riff\u00b7 Entretien avec Karin Schlageter...","og_url":"https:\/\/marinewallon.fr\/?page_id=236","og_site_name":"MARINE WALLON","article_modified_time":"2026-03-17T08:53:55+00:00","twitter_card":"summary_large_image","twitter_misc":{"Dur\u00e9e de lecture estim\u00e9e":"4 minutes"},"schema":{"@context":"https:\/\/schema.org","@graph":[{"@type":"WebPage","@id":"https:\/\/marinewallon.fr\/?page_id=236","url":"https:\/\/marinewallon.fr\/?page_id=236","name":"Text 2020, Lignes Br\u00e8ves - MARINE WALLON","isPartOf":{"@id":"https:\/\/marinewallon.fr\/#website"},"datePublished":"2023-09-12T21:16:02+00:00","dateModified":"2026-03-17T08:53:55+00:00","breadcrumb":{"@id":"https:\/\/marinewallon.fr\/?page_id=236#breadcrumb"},"inLanguage":"fr-FR","potentialAction":[{"@type":"ReadAction","target":["https:\/\/marinewallon.fr\/?page_id=236"]}]},{"@type":"BreadcrumbList","@id":"https:\/\/marinewallon.fr\/?page_id=236#breadcrumb","itemListElement":[{"@type":"ListItem","position":1,"name":"Accueil","item":"https:\/\/marinewallon.fr\/"},{"@type":"ListItem","position":2,"name":"Text 2020, Lignes Br\u00e8ves"}]},{"@type":"WebSite","@id":"https:\/\/marinewallon.fr\/#website","url":"https:\/\/marinewallon.fr\/","name":"MARINE WALLON","description":"","alternateName":"marinewallon","potentialAction":[{"@type":"SearchAction","target":{"@type":"EntryPoint","urlTemplate":"https:\/\/marinewallon.fr\/?s={search_term_string}"},"query-input":"required name=search_term_string"}],"inLanguage":"fr-FR"}]}},"_links":{"self":[{"href":"https:\/\/marinewallon.fr\/index.php?rest_route=\/wp\/v2\/pages\/236"}],"collection":[{"href":"https:\/\/marinewallon.fr\/index.php?rest_route=\/wp\/v2\/pages"}],"about":[{"href":"https:\/\/marinewallon.fr\/index.php?rest_route=\/wp\/v2\/types\/page"}],"author":[{"embeddable":true,"href":"https:\/\/marinewallon.fr\/index.php?rest_route=\/wp\/v2\/users\/1"}],"replies":[{"embeddable":true,"href":"https:\/\/marinewallon.fr\/index.php?rest_route=%2Fwp%2Fv2%2Fcomments&post=236"}],"version-history":[{"count":35,"href":"https:\/\/marinewallon.fr\/index.php?rest_route=\/wp\/v2\/pages\/236\/revisions"}],"predecessor-version":[{"id":2405,"href":"https:\/\/marinewallon.fr\/index.php?rest_route=\/wp\/v2\/pages\/236\/revisions\/2405"}],"wp:attachment":[{"href":"https:\/\/marinewallon.fr\/index.php?rest_route=%2Fwp%2Fv2%2Fmedia&parent=236"}],"curies":[{"name":"wp","href":"https:\/\/api.w.org\/{rel}","templated":true}]}}