{"id":246,"date":"2023-09-12T23:18:59","date_gmt":"2023-09-12T21:18:59","guid":{"rendered":"https:\/\/marinewallon.fr\/?page_id=246"},"modified":"2026-03-17T09:55:08","modified_gmt":"2026-03-17T08:55:08","slug":"text-2017-anne-collongues","status":"publish","type":"page","link":"https:\/\/marinewallon.fr\/?page_id=246","title":{"rendered":"Text 2017, Anne Collongues"},"content":{"rendered":"\n<h1 class=\"wp-block-heading\" style=\"font-size:28px\">Critical texts<\/h1>\n\n\n<style>.wp-block-kadence-spacer.kt-block-spacer-246_c9ebc9-fc .kt-block-spacer{height:10px;}.wp-block-kadence-spacer.kt-block-spacer-246_c9ebc9-fc .kt-divider{border-top-width:1px;height:1px;border-top-color:var(--global-palette1, #3182CE);width:80%;border-top-style:solid;}<\/style>\n<div class=\"wp-block-kadence-spacer aligncenter kt-block-spacer-246_c9ebc9-fc\"><div class=\"kt-block-spacer kt-block-spacer-halign-center\"><hr class=\"kt-divider\"\/><\/div><\/div>\n\n\n\n<div class=\"wp-block-columns is-layout-flex wp-container-core-columns-is-layout-1 wp-block-columns-is-layout-flex\">\n<div class=\"wp-block-column is-layout-flow wp-block-column-is-layout-flow\" style=\"flex-basis:38%\">\n<p class=\"has-small-font-size\"><code>2026<\/code><br>\u00b7 <a href=\"https:\/\/marinewallon.fr\/?page_id=2381\/#go23\">Paul Ardenne<\/a><br><br><code>2025<\/code><br>\u00b7 <a href=\"https:\/\/marinewallon.fr\/?page_id=2181\/#go21\">Thomas Delamarre<\/a><br><br><code>2024<\/code><br>\u00b7 <a href=\"https:\/\/marinewallon.fr\/?page_id=1768\/#go0\">Dominique Pa\u00efni<\/a><br>\u00b7 <a href=\"https:\/\/marinewallon.fr\/?page_id=1773\/#go1\">Elsa Hougue<\/a><br><br><code>2023<\/code><br>\u00b7 <a href=\"https:\/\/marinewallon.fr\/?page_id=1388\/#go19\">Estelle Marois<\/a><br>\u00b7 <a href=\"https:\/\/marinewallon.fr\/?page_id=146\/#go18\">Didier Semin<\/a><br>\u00b7 <a data-type=\"page\" data-id=\"1643\" href=\"https:\/\/marinewallon.fr\/?page_id=1643\/#go20\">Marie Maertens<\/a><br>\u00b7 <a href=\"https:\/\/marinewallon.fr\/?page_id=197\/#go16\">Marie de Brugerolle &amp; Anne Dary<\/a><br><br><code>2022<\/code><br>\u00b7 <a href=\"https:\/\/marinewallon.fr\/?page_id=187\/#go17\">Guy Boyer<\/a><br>\u00b7 <a href=\"https:\/\/marinewallon.fr\/?page_id=215\/#go15\">Benoit Blanchard &amp; Sarah Mercadante<\/a><br><br><code>2021<\/code><br>\u00b7 <a data-type=\"page\" data-id=\"230\" href=\"https:\/\/marinewallon.fr\/?page_id=230\/#go14\">Jo\u00ebl Riff<\/a><br>\u00b7 <a data-type=\"page\" data-id=\"232\" href=\"https:\/\/marinewallon.fr\/?page_id=232\/#go13\">Conversation<br><mark style=\"background-color:rgba(0, 0, 0, 0)\" class=\"has-inline-color has-theme-palette-1-color\">\u2014  <\/mark> Jennifer Douzenel \u2014 M. Wallon<\/a><br>\u00b7 <a data-type=\"page\" data-id=\"234\" href=\"https:\/\/marinewallon.fr\/?page_id=234\/#go12\">Horya Makhlouf<\/a><br><br><code>2020<\/code><br>\u00b7 <a data-type=\"page\" data-id=\"236\" href=\"https:\/\/marinewallon.fr\/?page_id=236\/#go11\">Lignes Br\u00e8ves<\/a><br><br><code>2019<\/code><br>\u00b7 <a data-type=\"page\" data-id=\"238\" href=\"https:\/\/marinewallon.fr\/?page_id=238\/#go10\">Jo\u00ebl Riff<\/a><br>\u00b7 <a data-type=\"page\" data-id=\"240\" href=\"https:\/\/marinewallon.fr\/?page_id=240\/#go9\">Entretien avec Karin Schlageter<\/a><br><br><code>2018\u00a0<\/code><br>\u00b7 <a data-type=\"page\" data-id=\"242\" href=\"https:\/\/marinewallon.fr\/?page_id=242\/#go8\">Sarah Ilher-Meyer<\/a><br>\u00b7 <a data-type=\"page\" data-id=\"244\" href=\"https:\/\/marinewallon.fr\/?page_id=244\/#go7\">Entretien avec Point Contemporain<\/a><br><br><code>2017<\/code><br><strong><strong><strong><strong>\u2192<\/strong><\/strong> <\/strong>Anne Collongues<\/strong><br>\u00b7 <a data-type=\"page\" data-id=\"248\" href=\"https:\/\/marinewallon.fr\/?page_id=248\/#go5\">Th\u00e9o-Mario Coppola<\/a><br><br><code>2015<\/code><br>\u00b7 <a data-type=\"page\" data-id=\"250\" href=\"https:\/\/marinewallon.fr\/?page_id=250\/#go4\">Marianne Derrien,<br><mark style=\"background-color:rgba(0, 0, 0, 0)\" class=\"has-inline-color has-theme-palette-1-color\">\u2014  <\/mark><em>Le mirage des images<\/em><\/a><br><br><code>2014<\/code><br>\u00b7 <a data-type=\"page\" data-id=\"252\" href=\"https:\/\/marinewallon.fr\/?page_id=252\/#go3\">Marion Delage de Luget,<br><mark style=\"background-color:rgba(0, 0, 0, 0)\" class=\"has-inline-color has-theme-palette-1-color\">\u2014  <\/mark><em>L&rsquo;horizontalit\u00e9 \u00e0 l\u2019\u0153uvre<\/em><\/a><br><br><code>2013\u00a0<\/code><br>\u00b7 <a data-type=\"page\" data-id=\"254\" href=\"https:\/\/marinewallon.fr\/?page_id=254\/#go2\">Marianne Derrien,<br><mark style=\"background-color:rgba(0, 0, 0, 0)\" class=\"has-inline-color has-theme-palette-1-color\">\u2014  <\/mark><em>Saxifraga Umbrosa<\/em><\/a><br><br><code>2011<\/code><br>\u00b7 <a data-type=\"page\" data-id=\"256\" href=\"https:\/\/marinewallon.fr\/?page_id=256\/#go1\">Anne Collongues<\/a><\/p>\n<\/div>\n\n\n\n<div class=\"wp-block-column is-layout-flow wp-block-column-is-layout-flow\" style=\"flex-basis:64%\">\n<h2 class=\"wp-block-heading\" id=\"go6\"><\/h2>\n\n\n<style>.wp-block-kadence-spacer.kt-block-spacer-246_1d81fb-f6 .kt-block-spacer{height:14px;}.wp-block-kadence-spacer.kt-block-spacer-246_1d81fb-f6 .kt-divider{border-top-width:1px;height:1px;border-top-color:var(--global-palette3, #1A202C);width:100%;border-top-style:solid;}<\/style>\n<div class=\"wp-block-kadence-spacer aligncenter kt-block-spacer-246_1d81fb-f6\"><div class=\"kt-block-spacer kt-block-spacer-halign-center\"><hr class=\"kt-divider\"\/><\/div><\/div>\n\n\n\n<p class=\"has-small-font-size\">Lorsqu\u2019on se trouve devant une toile de Marine Wallon, \u00e0 quoi fait-on face&nbsp;? Paysage et figure apparaissent simultan\u00e9ment, ensemble et s\u00e9par\u00e9s. Les figures, le plus souvent solitaires, sont pr\u00e9sent\u00e9es de dos, ainsi que nous le sommes devant le tableau pour qui se trouverait derri\u00e8re nous, et cette mise en abyme que la sc\u00e8ne provoque, comme lorsque deux miroirs en vis-\u00e0-vis cr\u00e9ent la r\u00e9percussion \u00e0 l\u2019infini du reflet dans le reflet, nous renvoie d\u2019embl\u00e9e \u00e0 notre position de spectateur.<br>L\u2019identification aux personnages est imm\u00e9diate, peut-\u00eatre parce qu\u2019ils sont ces silhouettes anonymes, communes, passants fix\u00e9s devant la grandeur d\u2019un paysage qui emplit l\u2019espace du tableau et du regard. Tr\u00e8s vite, le paysage vient au devant de la toile, au devant de nous. Le peu de perspective \u00e0 l\u2019\u0153uvre et un horizon parfois absent, comme dans <em>Panamint<\/em>, cr\u00e9ent une frontalit\u00e9 troublante. S\u2019\u00e9vanouissent peu \u00e0 peu les \u00e9l\u00e9ments distinctifs \u2014 arbre, c\u00f4te, sable, v\u00e9g\u00e9tation \u2014 pour laisser appara\u00eetre une surface, habit\u00e9e et vivante, trait\u00e9e en larges touches libres gardant la trace du geste. Un motif semble parfois surgir et se r\u00e9p\u00e9ter, produisant un rythme, presque hypnotique, comme peut l\u2019\u00eatre celui d\u2019une tapisserie qui, bien qu\u2019immobile, para\u00eet bouger&nbsp;: l\u2019instant est devenu dur\u00e9e et la fixit\u00e9 mouvement. Le sujet est pass\u00e9 au second plan, nos rep\u00e8res ont vacill\u00e9, nous sommes maintenant face \u00e0 la mati\u00e8re m\u00eame \u2014 la peinture&nbsp;; et cela remue. &nbsp;<br>Les peintures de Marine Wallon ne cherchent pas tant \u00e0 repr\u00e9senter qu\u2019\u00e0 rendre pr\u00e9sent ainsi que l\u2019incarne dans <em>Waucoba<\/em> cette empreinte de main faisant \u00e9cho \u00e0 l\u2019art pari\u00e9tal \u2014 la plus ancienne inscription dans le paysage de notre existence. Cet \u00e9cho \u00e0 un art primitif o\u00f9 le support \u2014 la paroi des grottes \u2014 est apparent, ne semble pas anodin, car Marine Wallon ne tente pas de produire un paysage vraisemblant et ainsi recr\u00e9er les conditions d\u2019une situation r\u00e9elle qui nous ferait oublier le tableau. Elle nous met au contraire face \u00e0 la r\u00e9alit\u00e9 de la toile, du cadre cr\u00e9e par ses bords, du plan de sa surface, face \u00e0 la mat\u00e9rialit\u00e9 de la peinture via le passage visible du pinceau et la libert\u00e9 de la couleur. De m\u00eame la lumi\u00e8re blanche, comme artificielle, qui \u00e9mane de la plupart des sc\u00e8nes, fait \u00e9cho aux \u00e9clairages des mus\u00e9es, nous rappelant \u00e0 notre statut de regardeur. Un regardeur plac\u00e9 devant une \u0153uvre o\u00f9 quelque chose d\u2019invisible est soudain manifeste, par quoi nous sommes arr\u00eat\u00e9s et rendus muets. La peinture est devenue le paysage, nous renvoyant soudain, par l\u2019\u00e9motion et l\u2019in\u00e9narrable, face \u00e0 nous-m\u00eames.<\/p>\n\n\n\n<p class=\"has-text-align-right has-small-font-size\"><br>Anne Collongues&nbsp;<\/p>\n<\/div>\n<\/div>\n","protected":false},"excerpt":{"rendered":"<p>Critical texts 2026\u00b7 Paul Ardenne 2025\u00b7 Thomas Delamarre 2024\u00b7 Dominique Pa\u00efni\u00b7 Elsa Hougue 2023\u00b7 Estelle Marois\u00b7 Didier Semin\u00b7 Marie Maertens\u00b7 Marie de Brugerolle &amp; Anne Dary 2022\u00b7 Guy Boyer\u00b7 Benoit Blanchard &amp; Sarah Mercadante 2021\u00b7 Jo\u00ebl Riff\u00b7 Conversation\u2014 Jennifer Douzenel \u2014 M. Wallon\u00b7 Horya Makhlouf 2020\u00b7 Lignes Br\u00e8ves 2019\u00b7 Jo\u00ebl Riff\u00b7 Entretien avec Karin Schlageter&#8230;<\/p>\n","protected":false},"author":1,"featured_media":0,"parent":0,"menu_order":0,"comment_status":"closed","ping_status":"closed","template":"","meta":{"_kad_post_transparent":"","_kad_post_title":"","_kad_post_layout":"","_kad_post_sidebar_id":"","_kad_post_content_style":"","_kad_post_vertical_padding":"","_kad_post_feature":"","_kad_post_feature_position":"","_kad_post_header":false,"_kad_post_footer":false,"footnotes":""},"yoast_head":"<!-- This site is optimized with the Yoast SEO plugin v21.6 - https:\/\/yoast.com\/wordpress\/plugins\/seo\/ -->\n<title>Text 2017, Anne Collongues - MARINE WALLON<\/title>\n<meta name=\"robots\" content=\"index, follow, max-snippet:-1, max-image-preview:large, max-video-preview:-1\" \/>\n<link rel=\"canonical\" href=\"https:\/\/marinewallon.fr\/?page_id=246\" \/>\n<meta property=\"og:locale\" content=\"fr_FR\" \/>\n<meta property=\"og:type\" content=\"article\" \/>\n<meta property=\"og:title\" content=\"Text 2017, Anne Collongues - MARINE WALLON\" \/>\n<meta property=\"og:description\" content=\"Critical texts 2026\u00b7 Paul Ardenne 2025\u00b7 Thomas Delamarre 2024\u00b7 Dominique Pa\u00efni\u00b7 Elsa Hougue 2023\u00b7 Estelle Marois\u00b7 Didier Semin\u00b7 Marie Maertens\u00b7 Marie de Brugerolle &amp; Anne Dary 2022\u00b7 Guy Boyer\u00b7 Benoit Blanchard &amp; Sarah Mercadante 2021\u00b7 Jo\u00ebl Riff\u00b7 Conversation\u2014 Jennifer Douzenel \u2014 M. Wallon\u00b7 Horya Makhlouf 2020\u00b7 Lignes Br\u00e8ves 2019\u00b7 Jo\u00ebl Riff\u00b7 Entretien avec Karin Schlageter...\" \/>\n<meta property=\"og:url\" content=\"https:\/\/marinewallon.fr\/?page_id=246\" \/>\n<meta property=\"og:site_name\" content=\"MARINE WALLON\" \/>\n<meta property=\"article:modified_time\" content=\"2026-03-17T08:55:08+00:00\" \/>\n<meta name=\"twitter:card\" content=\"summary_large_image\" \/>\n<script type=\"application\/ld+json\" class=\"yoast-schema-graph\">{\"@context\":\"https:\/\/schema.org\",\"@graph\":[{\"@type\":\"WebPage\",\"@id\":\"https:\/\/marinewallon.fr\/?page_id=246\",\"url\":\"https:\/\/marinewallon.fr\/?page_id=246\",\"name\":\"Text 2017, Anne Collongues - MARINE WALLON\",\"isPartOf\":{\"@id\":\"https:\/\/marinewallon.fr\/#website\"},\"datePublished\":\"2023-09-12T21:18:59+00:00\",\"dateModified\":\"2026-03-17T08:55:08+00:00\",\"breadcrumb\":{\"@id\":\"https:\/\/marinewallon.fr\/?page_id=246#breadcrumb\"},\"inLanguage\":\"fr-FR\",\"potentialAction\":[{\"@type\":\"ReadAction\",\"target\":[\"https:\/\/marinewallon.fr\/?page_id=246\"]}]},{\"@type\":\"BreadcrumbList\",\"@id\":\"https:\/\/marinewallon.fr\/?page_id=246#breadcrumb\",\"itemListElement\":[{\"@type\":\"ListItem\",\"position\":1,\"name\":\"Accueil\",\"item\":\"https:\/\/marinewallon.fr\/\"},{\"@type\":\"ListItem\",\"position\":2,\"name\":\"Text 2017, Anne Collongues\"}]},{\"@type\":\"WebSite\",\"@id\":\"https:\/\/marinewallon.fr\/#website\",\"url\":\"https:\/\/marinewallon.fr\/\",\"name\":\"MARINE WALLON\",\"description\":\"\",\"alternateName\":\"marinewallon\",\"potentialAction\":[{\"@type\":\"SearchAction\",\"target\":{\"@type\":\"EntryPoint\",\"urlTemplate\":\"https:\/\/marinewallon.fr\/?s={search_term_string}\"},\"query-input\":\"required name=search_term_string\"}],\"inLanguage\":\"fr-FR\"}]}<\/script>\n<!-- \/ Yoast SEO plugin. -->","yoast_head_json":{"title":"Text 2017, Anne Collongues - MARINE WALLON","robots":{"index":"index","follow":"follow","max-snippet":"max-snippet:-1","max-image-preview":"max-image-preview:large","max-video-preview":"max-video-preview:-1"},"canonical":"https:\/\/marinewallon.fr\/?page_id=246","og_locale":"fr_FR","og_type":"article","og_title":"Text 2017, Anne Collongues - MARINE WALLON","og_description":"Critical texts 2026\u00b7 Paul Ardenne 2025\u00b7 Thomas Delamarre 2024\u00b7 Dominique Pa\u00efni\u00b7 Elsa Hougue 2023\u00b7 Estelle Marois\u00b7 Didier Semin\u00b7 Marie Maertens\u00b7 Marie de Brugerolle &amp; Anne Dary 2022\u00b7 Guy Boyer\u00b7 Benoit Blanchard &amp; Sarah Mercadante 2021\u00b7 Jo\u00ebl Riff\u00b7 Conversation\u2014 Jennifer Douzenel \u2014 M. Wallon\u00b7 Horya Makhlouf 2020\u00b7 Lignes Br\u00e8ves 2019\u00b7 Jo\u00ebl Riff\u00b7 Entretien avec Karin Schlageter...","og_url":"https:\/\/marinewallon.fr\/?page_id=246","og_site_name":"MARINE WALLON","article_modified_time":"2026-03-17T08:55:08+00:00","twitter_card":"summary_large_image","schema":{"@context":"https:\/\/schema.org","@graph":[{"@type":"WebPage","@id":"https:\/\/marinewallon.fr\/?page_id=246","url":"https:\/\/marinewallon.fr\/?page_id=246","name":"Text 2017, Anne Collongues - MARINE WALLON","isPartOf":{"@id":"https:\/\/marinewallon.fr\/#website"},"datePublished":"2023-09-12T21:18:59+00:00","dateModified":"2026-03-17T08:55:08+00:00","breadcrumb":{"@id":"https:\/\/marinewallon.fr\/?page_id=246#breadcrumb"},"inLanguage":"fr-FR","potentialAction":[{"@type":"ReadAction","target":["https:\/\/marinewallon.fr\/?page_id=246"]}]},{"@type":"BreadcrumbList","@id":"https:\/\/marinewallon.fr\/?page_id=246#breadcrumb","itemListElement":[{"@type":"ListItem","position":1,"name":"Accueil","item":"https:\/\/marinewallon.fr\/"},{"@type":"ListItem","position":2,"name":"Text 2017, Anne Collongues"}]},{"@type":"WebSite","@id":"https:\/\/marinewallon.fr\/#website","url":"https:\/\/marinewallon.fr\/","name":"MARINE WALLON","description":"","alternateName":"marinewallon","potentialAction":[{"@type":"SearchAction","target":{"@type":"EntryPoint","urlTemplate":"https:\/\/marinewallon.fr\/?s={search_term_string}"},"query-input":"required name=search_term_string"}],"inLanguage":"fr-FR"}]}},"_links":{"self":[{"href":"https:\/\/marinewallon.fr\/index.php?rest_route=\/wp\/v2\/pages\/246"}],"collection":[{"href":"https:\/\/marinewallon.fr\/index.php?rest_route=\/wp\/v2\/pages"}],"about":[{"href":"https:\/\/marinewallon.fr\/index.php?rest_route=\/wp\/v2\/types\/page"}],"author":[{"embeddable":true,"href":"https:\/\/marinewallon.fr\/index.php?rest_route=\/wp\/v2\/users\/1"}],"replies":[{"embeddable":true,"href":"https:\/\/marinewallon.fr\/index.php?rest_route=%2Fwp%2Fv2%2Fcomments&post=246"}],"version-history":[{"count":32,"href":"https:\/\/marinewallon.fr\/index.php?rest_route=\/wp\/v2\/pages\/246\/revisions"}],"predecessor-version":[{"id":2410,"href":"https:\/\/marinewallon.fr\/index.php?rest_route=\/wp\/v2\/pages\/246\/revisions\/2410"}],"wp:attachment":[{"href":"https:\/\/marinewallon.fr\/index.php?rest_route=%2Fwp%2Fv2%2Fmedia&parent=246"}],"curies":[{"name":"wp","href":"https:\/\/api.w.org\/{rel}","templated":true}]}}