{"id":252,"date":"2023-09-12T23:20:12","date_gmt":"2023-09-12T21:20:12","guid":{"rendered":"https:\/\/marinewallon.fr\/?page_id=252"},"modified":"2026-03-17T09:56:57","modified_gmt":"2026-03-17T08:56:57","slug":"text-2014-marion-delage-de-luget-lhorizontalite-a-loeuvre","status":"publish","type":"page","link":"https:\/\/marinewallon.fr\/?page_id=252","title":{"rendered":"Text 2014, Marion Delage de Luget, L&rsquo;horizontalit\u00e9 \u00e0 l\u2019\u0153uvre"},"content":{"rendered":"\n<h1 class=\"wp-block-heading\" style=\"font-size:28px\">Critical texts<\/h1>\n\n\n<style>.wp-block-kadence-spacer.kt-block-spacer-252_de69f9-7a .kt-block-spacer{height:10px;}.wp-block-kadence-spacer.kt-block-spacer-252_de69f9-7a .kt-divider{border-top-width:1px;height:1px;border-top-color:var(--global-palette1, #3182CE);width:80%;border-top-style:solid;}<\/style>\n<div class=\"wp-block-kadence-spacer aligncenter kt-block-spacer-252_de69f9-7a\"><div class=\"kt-block-spacer kt-block-spacer-halign-center\"><hr class=\"kt-divider\"\/><\/div><\/div>\n\n\n\n<div class=\"wp-block-columns is-layout-flex wp-container-core-columns-is-layout-1 wp-block-columns-is-layout-flex\">\n<div class=\"wp-block-column is-layout-flow wp-block-column-is-layout-flow\" style=\"flex-basis:38%\">\n<p><code>2026<\/code><br>\u00b7 <a href=\"https:\/\/marinewallon.fr\/?page_id=2381\/#go23\">Paul Ardenne<\/a><br><br><code>2025<\/code><br>\u00b7 <a href=\"https:\/\/marinewallon.fr\/?page_id=2181\/#go21\">Thomas Delamarre<\/a><br><br><code>2024<\/code><br>\u00b7 <a href=\"https:\/\/marinewallon.fr\/?page_id=1768\/#go0\">Dominique Pa\u00efni<\/a><br>\u00b7 <a href=\"https:\/\/marinewallon.fr\/?page_id=1773\/#go1\">Elsa Hougue<\/a><br><br><code>2023<\/code><br>\u00b7 <a href=\"https:\/\/marinewallon.fr\/?page_id=1388\/#go19\">Estelle Marois<\/a><br>\u00b7 <a href=\"https:\/\/marinewallon.fr\/?page_id=146\/#go18\">Didier Semin<\/a><br>\u00b7 <a data-type=\"page\" data-id=\"1643\" href=\"https:\/\/marinewallon.fr\/?page_id=1643\/#go20\">Marie Maertens<\/a><br>\u00b7 <a href=\"https:\/\/marinewallon.fr\/?page_id=197\/#go16\">Marie de Brugerolle &amp; Anne Dary<\/a><br><br><code>2022<\/code><br>\u00b7 <a href=\"https:\/\/marinewallon.fr\/?page_id=187\/#go17\">Guy Boyer<\/a><br>\u00b7 <a href=\"https:\/\/marinewallon.fr\/?page_id=215\/#go15\">Benoit Blanchard &amp; Sarah Mercadantee<\/a><\/p>\n\n\n\n<p><code>2021<\/code><br>\u00b7 <a href=\"https:\/\/marinewallon.fr\/?page_id=230\/#go14\">Jo\u00ebl Riff<\/a><br>\u00b7 <a href=\"https:\/\/marinewallon.fr\/?page_id=232\/#go13\">Conversation<br><mark style=\"background-color:rgba(0, 0, 0, 0)\" class=\"has-inline-color has-theme-palette-1-color\">\u2014 <\/mark>Jennifer Douzenel \u2014 M. Wallon<\/a><br>\u00b7 <a href=\"https:\/\/marinewallon.fr\/?page_id=234\/#go12\">Horya Makhlouf<\/a><\/p>\n\n\n\n<p><code>2020<\/code><br>\u00b7 <a href=\"https:\/\/marinewallon.fr\/?page_id=236\/#go11\">Lignes Br\u00e8ves<\/a><\/p>\n\n\n\n<p><code>2019<\/code><br>\u00b7 <a href=\"https:\/\/marinewallon.fr\/?page_id=238\/#go10\">Jo\u00ebl Riff<\/a><br>\u00b7 <a href=\"https:\/\/marinewallon.fr\/?page_id=240\/#go9\">Entretien avec Karin Schlageter<\/a><\/p>\n\n\n\n<p><code>2018&nbsp;<\/code><br>\u00b7 <a href=\"https:\/\/marinewallon.fr\/?page_id=242\/#go8\">Sarah Ilher-Meyer<\/a><br>\u00b7 <a href=\"https:\/\/marinewallon.fr\/?page_id=244\/#go7\">Entretien avec Point Contemporain<\/a><\/p>\n\n\n\n<p><code>2017<\/code><br>\u00b7 <a href=\"https:\/\/marinewallon.fr\/?page_id=246\/#go6\">Anne Collongues<\/a><br>\u00b7 <a href=\"https:\/\/marinewallon.fr\/?page_id=248\/#go5\">Th\u00e9o-Mario Coppola<\/a><\/p>\n\n\n\n<p><code>2015<\/code><br>\u00b7 <a href=\"https:\/\/marinewallon.fr\/?page_id=250\/#go4\">Marianne Derrien,<br><mark style=\"background-color:rgba(0, 0, 0, 0)\" class=\"has-inline-color has-theme-palette-1-color\">\u2014 <\/mark><em>Le mirage des images<\/em><\/a><\/p>\n\n\n\n<p><code>2014<\/code><br><strong><strong>\u2192 <\/strong>Marion Delage de Luget,<\/strong><br><mark style=\"background-color:rgba(0, 0, 0, 0)\" class=\"has-inline-color has-theme-palette-1-color\">\u2014 <\/mark><strong><em>L&rsquo;horizontalit\u00e9 \u00e0 l\u2019\u0153uvre<\/em><\/strong><\/p>\n\n\n\n<p><code>2013&nbsp;<\/code><br>\u00b7 <a href=\"https:\/\/marinewallon.fr\/?page_id=254\/#go2\">Marianne Derrien,<br><mark style=\"background-color:rgba(0, 0, 0, 0)\" class=\"has-inline-color has-theme-palette-1-color\">\u2014 <\/mark><em>Saxifraga Umbrosa<\/em><\/a><\/p>\n\n\n\n<p><code>2011<\/code><br>\u00b7 <a href=\"https:\/\/marinewallon.fr\/?page_id=256\/#go1b\">Anne Collongues<\/a><\/p>\n<\/div>\n\n\n\n<div class=\"wp-block-column is-layout-flow wp-block-column-is-layout-flow\" style=\"flex-basis:64%\">\n<h2 class=\"wp-block-heading\" id=\"go3\"><\/h2>\n\n\n<style>.wp-block-kadence-spacer.kt-block-spacer-252_363c1e-22 .kt-block-spacer{height:14px;}.wp-block-kadence-spacer.kt-block-spacer-252_363c1e-22 .kt-divider{border-top-width:1px;height:1px;border-top-color:var(--global-palette3, #1A202C);width:100%;border-top-style:solid;}<\/style>\n<div class=\"wp-block-kadence-spacer aligncenter kt-block-spacer-252_363c1e-22\"><div class=\"kt-block-spacer kt-block-spacer-halign-center\"><hr class=\"kt-divider\"\/><\/div><\/div>\n\n\n\n<p class=\"has-small-font-size\"><strong><em>L\u2019horizontalit\u00e9 \u00e0 l\u2019\u0153uvre<\/em>.&nbsp;<\/strong><br><br>Entre autres m\u00e9diums \u2013 car elle pratique aussi bien le dessin ou l&rsquo;huile, qu&rsquo;elle d\u00e9cline d&rsquo;ailleurs sur diff\u00e9rents supports \u2013, Marine Wallon se risque donc parfois \u00e0 l&rsquo;aquarelle, non pour se r\u00e9galer des lieux communs qui lui sont associ\u00e9s mais parce qu\u2019elle trouve dans la qualit\u00e9 aqueuse de cette peinture un espace singulier. La technique est particuli\u00e8rement identifiable dans la belle s\u00e9rie des <em>Polaroids<\/em> : les larges aur\u00e9oles des lavis , parfaitement exag\u00e9r\u00e9es, s&rsquo;\u00e9talent sur la surface des images, d\u00e9layant les ciels, marbrant les ombres. Rappelant que si ces \u0153uvres sont accroch\u00e9es bascul\u00e9es \u00e0 la verticale, elles ont \u00e9t\u00e9 r\u00e9alis\u00e9es \u00e0 plat. Les traces d&rsquo;eau ont consign\u00e9 l&rsquo;espace dans lequel elles ont \u00e9t\u00e9 d\u00e9pos\u00e9es, le plan horizontal. On regarde un paysage, fen\u00eatre ouverte, mais les petites flaques qui troublent les surfaces de couleur indexent la mise en forme impos\u00e9e par la gravitation. Du coup, sous cette horizontalit\u00e9 si visiblement \u00e0 l\u2019\u0153uvre, les \u00e9tendues d&rsquo;eau, les prairies, les collines, tous les plans de couleurs qui composent ces vues semblent aussi soumis \u00e0 cette pesanteur.&nbsp;<br>&nbsp;<br>Par cette ex\u00e9cution qui restitue de mani\u00e8re manifeste le proc\u00e8s de l\u2019aquarelle, son \u00e9tat horizontal initial, Marine Wallon souligne le double usage de la peinture : elle repr\u00e9sente, et elle recouvre. Les <em>Polaroids<\/em> figent les jus en train de se r\u00e9pandre. Les ombres \u00e9paisses, un brin trop prononc\u00e9es, paraissent du m\u00eame liquide \u2014 suintant comme une mar\u00e9e inexorable, pr\u00eate \u00e0 tout engloutir. Ces peintures ne rendent pas de panoramas bucoliques \u2014 fiction pastorale d&rsquo;un environnement agreste, accueillant. Le titre de la s\u00e9rie l&rsquo;annon\u00e7ait : ce sont des instantan\u00e9s, preuves d&rsquo;un pass\u00e9 \u00e0 jamais r\u00e9volu. <em>\u00c7a a \u00e9t\u00e9<\/em>. Roland Barthes nous le disait, les clich\u00e9s ne restituent jamais qu&rsquo;une r\u00e9alit\u00e9 d\u00e9j\u00e0 diff\u00e9r\u00e9e, donc la distance qui nous en s\u00e9pare irr\u00e9m\u00e9diablement. Voil\u00e0 le sentiment qui habite ces \u0153uvres, accentu\u00e9 encore par le voile d&rsquo;eau alt\u00e9rant l&rsquo;\u00e9tat de surface : une insistante m\u00e9lancolie.&nbsp;<br>&nbsp;<br>C&rsquo;est somme toute logique, ces <em>Polaroids<\/em> rendent l&rsquo;\u00e9coulement du temps, la lente d\u00e9gradation qui accompagne l&rsquo;\u00e9volution de toute chose. \u00c0 l&rsquo;horizontal, les pigments se d\u00e9posent sur le papier comme par s\u00e9dimentation. Et la fusion sugg\u00e9r\u00e9e des ces vues dans l&rsquo;eau qui les d\u00e9laie et les absorbe renvoie \u00e0 celle que provoque in\u00e9luctablement l&rsquo;entropie. La liqu\u00e9faction \u00e0 laquelle Marine Wallon soumet ces paysages d\u00e9sol\u00e9s est aussi, finalement, un biais pour aborder cette autre forme d&rsquo;\u00e9rosion: la d\u00e9vitalisation dont certaines pratiques, devenues poncifs, souffrent, et l&rsquo;irr\u00e9versibilit\u00e9 du processus. Il faut dire que ces aquarelles, avec leur grande part d&rsquo;ombre, ne laissent d&rsquo;autre r\u00f4le \u00e0 notre imagination que de parfaire un travail de d\u00e9composition. &nbsp;<br>&nbsp;<\/p>\n\n\n\n<p class=\"has-text-align-right has-small-font-size\">Marion Delage de Luget, f\u00e9vrier 2014&nbsp;<br>pour le catalogue <em>Vendanges de Printemp<\/em>s<br>Chamalot-R\u00e9sidence d&rsquo;artistes&nbsp;<\/p>\n<\/div>\n<\/div>\n","protected":false},"excerpt":{"rendered":"<p>Critical texts 2026\u00b7 Paul Ardenne 2025\u00b7 Thomas Delamarre 2024\u00b7 Dominique Pa\u00efni\u00b7 Elsa Hougue 2023\u00b7 Estelle Marois\u00b7 Didier Semin\u00b7 Marie Maertens\u00b7 Marie de Brugerolle &amp; Anne Dary 2022\u00b7 Guy Boyer\u00b7 Benoit Blanchard &amp; Sarah Mercadantee 2021\u00b7 Jo\u00ebl Riff\u00b7 Conversation\u2014 Jennifer Douzenel \u2014 M. Wallon\u00b7 Horya Makhlouf 2020\u00b7 Lignes Br\u00e8ves 2019\u00b7 Jo\u00ebl Riff\u00b7 Entretien avec Karin Schlageter&#8230;<\/p>\n","protected":false},"author":1,"featured_media":0,"parent":0,"menu_order":0,"comment_status":"closed","ping_status":"closed","template":"","meta":{"_kad_post_transparent":"","_kad_post_title":"","_kad_post_layout":"","_kad_post_sidebar_id":"","_kad_post_content_style":"","_kad_post_vertical_padding":"","_kad_post_feature":"","_kad_post_feature_position":"","_kad_post_header":false,"_kad_post_footer":false,"footnotes":""},"yoast_head":"<!-- This site is optimized with the Yoast SEO plugin v21.6 - https:\/\/yoast.com\/wordpress\/plugins\/seo\/ -->\n<title>Text 2014, Marion Delage de Luget, L&#039;horizontalit\u00e9 \u00e0 l\u2019\u0153uvre - MARINE WALLON<\/title>\n<meta name=\"robots\" content=\"index, follow, max-snippet:-1, max-image-preview:large, max-video-preview:-1\" \/>\n<link rel=\"canonical\" href=\"https:\/\/marinewallon.fr\/?page_id=252\" \/>\n<meta property=\"og:locale\" content=\"fr_FR\" \/>\n<meta property=\"og:type\" content=\"article\" \/>\n<meta property=\"og:title\" content=\"Text 2014, Marion Delage de Luget, L&#039;horizontalit\u00e9 \u00e0 l\u2019\u0153uvre - MARINE WALLON\" \/>\n<meta property=\"og:description\" content=\"Critical texts 2026\u00b7 Paul Ardenne 2025\u00b7 Thomas Delamarre 2024\u00b7 Dominique Pa\u00efni\u00b7 Elsa Hougue 2023\u00b7 Estelle Marois\u00b7 Didier Semin\u00b7 Marie Maertens\u00b7 Marie de Brugerolle &amp; Anne Dary 2022\u00b7 Guy Boyer\u00b7 Benoit Blanchard &amp; Sarah Mercadantee 2021\u00b7 Jo\u00ebl Riff\u00b7 Conversation\u2014 Jennifer Douzenel \u2014 M. Wallon\u00b7 Horya Makhlouf 2020\u00b7 Lignes Br\u00e8ves 2019\u00b7 Jo\u00ebl Riff\u00b7 Entretien avec Karin Schlageter...\" \/>\n<meta property=\"og:url\" content=\"https:\/\/marinewallon.fr\/?page_id=252\" \/>\n<meta property=\"og:site_name\" content=\"MARINE WALLON\" \/>\n<meta property=\"article:modified_time\" content=\"2026-03-17T08:56:57+00:00\" \/>\n<meta name=\"twitter:card\" content=\"summary_large_image\" \/>\n<meta name=\"twitter:label1\" content=\"Dur\u00e9e de lecture estim\u00e9e\" \/>\n\t<meta name=\"twitter:data1\" content=\"3 minutes\" \/>\n<script type=\"application\/ld+json\" class=\"yoast-schema-graph\">{\"@context\":\"https:\/\/schema.org\",\"@graph\":[{\"@type\":\"WebPage\",\"@id\":\"https:\/\/marinewallon.fr\/?page_id=252\",\"url\":\"https:\/\/marinewallon.fr\/?page_id=252\",\"name\":\"Text 2014, Marion Delage de Luget, L'horizontalit\u00e9 \u00e0 l\u2019\u0153uvre - MARINE WALLON\",\"isPartOf\":{\"@id\":\"https:\/\/marinewallon.fr\/#website\"},\"datePublished\":\"2023-09-12T21:20:12+00:00\",\"dateModified\":\"2026-03-17T08:56:57+00:00\",\"breadcrumb\":{\"@id\":\"https:\/\/marinewallon.fr\/?page_id=252#breadcrumb\"},\"inLanguage\":\"fr-FR\",\"potentialAction\":[{\"@type\":\"ReadAction\",\"target\":[\"https:\/\/marinewallon.fr\/?page_id=252\"]}]},{\"@type\":\"BreadcrumbList\",\"@id\":\"https:\/\/marinewallon.fr\/?page_id=252#breadcrumb\",\"itemListElement\":[{\"@type\":\"ListItem\",\"position\":1,\"name\":\"Accueil\",\"item\":\"https:\/\/marinewallon.fr\/\"},{\"@type\":\"ListItem\",\"position\":2,\"name\":\"Text 2014, Marion Delage de Luget, L&rsquo;horizontalit\u00e9 \u00e0 l\u2019\u0153uvre\"}]},{\"@type\":\"WebSite\",\"@id\":\"https:\/\/marinewallon.fr\/#website\",\"url\":\"https:\/\/marinewallon.fr\/\",\"name\":\"MARINE WALLON\",\"description\":\"\",\"alternateName\":\"marinewallon\",\"potentialAction\":[{\"@type\":\"SearchAction\",\"target\":{\"@type\":\"EntryPoint\",\"urlTemplate\":\"https:\/\/marinewallon.fr\/?s={search_term_string}\"},\"query-input\":\"required name=search_term_string\"}],\"inLanguage\":\"fr-FR\"}]}<\/script>\n<!-- \/ Yoast SEO plugin. -->","yoast_head_json":{"title":"Text 2014, Marion Delage de Luget, L'horizontalit\u00e9 \u00e0 l\u2019\u0153uvre - MARINE WALLON","robots":{"index":"index","follow":"follow","max-snippet":"max-snippet:-1","max-image-preview":"max-image-preview:large","max-video-preview":"max-video-preview:-1"},"canonical":"https:\/\/marinewallon.fr\/?page_id=252","og_locale":"fr_FR","og_type":"article","og_title":"Text 2014, Marion Delage de Luget, L'horizontalit\u00e9 \u00e0 l\u2019\u0153uvre - MARINE WALLON","og_description":"Critical texts 2026\u00b7 Paul Ardenne 2025\u00b7 Thomas Delamarre 2024\u00b7 Dominique Pa\u00efni\u00b7 Elsa Hougue 2023\u00b7 Estelle Marois\u00b7 Didier Semin\u00b7 Marie Maertens\u00b7 Marie de Brugerolle &amp; Anne Dary 2022\u00b7 Guy Boyer\u00b7 Benoit Blanchard &amp; Sarah Mercadantee 2021\u00b7 Jo\u00ebl Riff\u00b7 Conversation\u2014 Jennifer Douzenel \u2014 M. Wallon\u00b7 Horya Makhlouf 2020\u00b7 Lignes Br\u00e8ves 2019\u00b7 Jo\u00ebl Riff\u00b7 Entretien avec Karin Schlageter...","og_url":"https:\/\/marinewallon.fr\/?page_id=252","og_site_name":"MARINE WALLON","article_modified_time":"2026-03-17T08:56:57+00:00","twitter_card":"summary_large_image","twitter_misc":{"Dur\u00e9e de lecture estim\u00e9e":"3 minutes"},"schema":{"@context":"https:\/\/schema.org","@graph":[{"@type":"WebPage","@id":"https:\/\/marinewallon.fr\/?page_id=252","url":"https:\/\/marinewallon.fr\/?page_id=252","name":"Text 2014, Marion Delage de Luget, L'horizontalit\u00e9 \u00e0 l\u2019\u0153uvre - MARINE WALLON","isPartOf":{"@id":"https:\/\/marinewallon.fr\/#website"},"datePublished":"2023-09-12T21:20:12+00:00","dateModified":"2026-03-17T08:56:57+00:00","breadcrumb":{"@id":"https:\/\/marinewallon.fr\/?page_id=252#breadcrumb"},"inLanguage":"fr-FR","potentialAction":[{"@type":"ReadAction","target":["https:\/\/marinewallon.fr\/?page_id=252"]}]},{"@type":"BreadcrumbList","@id":"https:\/\/marinewallon.fr\/?page_id=252#breadcrumb","itemListElement":[{"@type":"ListItem","position":1,"name":"Accueil","item":"https:\/\/marinewallon.fr\/"},{"@type":"ListItem","position":2,"name":"Text 2014, Marion Delage de Luget, L&rsquo;horizontalit\u00e9 \u00e0 l\u2019\u0153uvre"}]},{"@type":"WebSite","@id":"https:\/\/marinewallon.fr\/#website","url":"https:\/\/marinewallon.fr\/","name":"MARINE WALLON","description":"","alternateName":"marinewallon","potentialAction":[{"@type":"SearchAction","target":{"@type":"EntryPoint","urlTemplate":"https:\/\/marinewallon.fr\/?s={search_term_string}"},"query-input":"required name=search_term_string"}],"inLanguage":"fr-FR"}]}},"_links":{"self":[{"href":"https:\/\/marinewallon.fr\/index.php?rest_route=\/wp\/v2\/pages\/252"}],"collection":[{"href":"https:\/\/marinewallon.fr\/index.php?rest_route=\/wp\/v2\/pages"}],"about":[{"href":"https:\/\/marinewallon.fr\/index.php?rest_route=\/wp\/v2\/types\/page"}],"author":[{"embeddable":true,"href":"https:\/\/marinewallon.fr\/index.php?rest_route=\/wp\/v2\/users\/1"}],"replies":[{"embeddable":true,"href":"https:\/\/marinewallon.fr\/index.php?rest_route=%2Fwp%2Fv2%2Fcomments&post=252"}],"version-history":[{"count":34,"href":"https:\/\/marinewallon.fr\/index.php?rest_route=\/wp\/v2\/pages\/252\/revisions"}],"predecessor-version":[{"id":2413,"href":"https:\/\/marinewallon.fr\/index.php?rest_route=\/wp\/v2\/pages\/252\/revisions\/2413"}],"wp:attachment":[{"href":"https:\/\/marinewallon.fr\/index.php?rest_route=%2Fwp%2Fv2%2Fmedia&parent=252"}],"curies":[{"name":"wp","href":"https:\/\/api.w.org\/{rel}","templated":true}]}}