{"id":254,"date":"2023-09-12T23:21:14","date_gmt":"2023-09-12T21:21:14","guid":{"rendered":"https:\/\/marinewallon.fr\/?page_id=254"},"modified":"2026-03-17T09:57:08","modified_gmt":"2026-03-17T08:57:08","slug":"text-2013-marianne-derrien-saxifraga-umbrosa","status":"publish","type":"page","link":"https:\/\/marinewallon.fr\/?page_id=254","title":{"rendered":"Text 2013, Marianne Derrien, Saxifraga Umbrosa"},"content":{"rendered":"\n<h1 class=\"wp-block-heading\" style=\"font-size:28px\">Critical texts<\/h1>\n\n\n<style>.wp-block-kadence-spacer.kt-block-spacer-254_a8c4f9-6b .kt-block-spacer{height:10px;}.wp-block-kadence-spacer.kt-block-spacer-254_a8c4f9-6b .kt-divider{border-top-width:1px;height:1px;border-top-color:var(--global-palette1, #3182CE);width:80%;border-top-style:solid;}<\/style>\n<div class=\"wp-block-kadence-spacer aligncenter kt-block-spacer-254_a8c4f9-6b\"><div class=\"kt-block-spacer kt-block-spacer-halign-center\"><hr class=\"kt-divider\"\/><\/div><\/div>\n\n\n\n<div class=\"wp-block-columns is-layout-flex wp-container-core-columns-is-layout-1 wp-block-columns-is-layout-flex\">\n<div class=\"wp-block-column is-layout-flow wp-block-column-is-layout-flow\" style=\"flex-basis:38%\">\n<p><code>2026<\/code><br>\u00b7 <a href=\"https:\/\/marinewallon.fr\/?page_id=2381\/#go23\">Paul Ardenne<\/a><br><br><code>2025<\/code><br>\u00b7 <a href=\"https:\/\/marinewallon.fr\/?page_id=2181\/#go21\">Thomas Delamarre<\/a><br><br><code>2024<\/code><br>\u00b7 <a href=\"https:\/\/marinewallon.fr\/?page_id=1768\/#go0\">Dominique Pa\u00efni<\/a><br>\u00b7 <a href=\"https:\/\/marinewallon.fr\/?page_id=1773\/#go1\">Elsa Hougue<\/a><br><br><code>2023<\/code><br>\u00b7 <a href=\"https:\/\/marinewallon.fr\/?page_id=1388\/#go19\">Estelle Marois<\/a><br>\u00b7 <a href=\"https:\/\/marinewallon.fr\/?page_id=146\/#go18\">Didier Semin<\/a><br>\u00b7 <a data-type=\"page\" data-id=\"1643\" href=\"https:\/\/marinewallon.fr\/?page_id=1643\/#go20\">Marie Maertens<\/a><br>\u00b7 <a href=\"https:\/\/marinewallon.fr\/?page_id=197\/#go16\">Marie de Brugerolle &amp; Anne Dary<\/a><br><br><code>2022<\/code><br>\u00b7 <a href=\"https:\/\/marinewallon.fr\/?page_id=187\/#go17\">Guy Boyer<\/a><br>\u00b7 <a href=\"https:\/\/marinewallon.fr\/?page_id=215\/#go15\">Benoit Blanchard &amp; Sarah Mercadante<\/a><br><br><code>2021<\/code><br>\u00b7 <a href=\"https:\/\/marinewallon.fr\/?page_id=230\/#go14\">Jo\u00ebl Riff<\/a><br>\u00b7 <a href=\"https:\/\/marinewallon.fr\/?page_id=232\/#go13\">Conversation<br><mark style=\"background-color:rgba(0, 0, 0, 0)\" class=\"has-inline-color has-theme-palette-1-color\">\u2014 <\/mark>Jennifer Douzenel \u2014 M. Wallon<\/a><br>\u00b7 <a href=\"https:\/\/marinewallon.fr\/?page_id=234\/#go12\">Horya Makhlouf<\/a><\/p>\n\n\n\n<p><code>2020<\/code><br>\u00b7 <a href=\"https:\/\/marinewallon.fr\/?page_id=236\/#go11\">Lignes Br\u00e8ves<\/a><\/p>\n\n\n\n<p><code>2019<\/code><br>\u00b7 <a href=\"https:\/\/marinewallon.fr\/?page_id=238\/#go10\">Jo\u00ebl Riff<\/a><br>\u00b7 <a href=\"https:\/\/marinewallon.fr\/?page_id=240\/#go9\">Entretien avec Karin Schlageter<\/a><\/p>\n\n\n\n<p><code>2018&nbsp;<\/code><br>\u00b7 <a href=\"https:\/\/marinewallon.fr\/?page_id=242\/#go8\">Sarah Ilher-Meyer<\/a><br>\u00b7 <a href=\"https:\/\/marinewallon.fr\/?page_id=244\/#go7\">Entretien avec Point Contemporain<\/a><\/p>\n\n\n\n<p><code>2017<\/code><br>\u00b7 <a href=\"https:\/\/marinewallon.fr\/?page_id=246\/#go6\">Anne Collongues<\/a><br>\u00b7 <a href=\"https:\/\/marinewallon.fr\/?page_id=248\/#go5\">Th\u00e9o-Mario Coppola<\/a><\/p>\n\n\n\n<p><code>2015<\/code><br>\u00b7 <a href=\"https:\/\/marinewallon.fr\/?page_id=250\/#go4\">Marianne Derrien,<br><mark style=\"background-color:rgba(0, 0, 0, 0)\" class=\"has-inline-color has-theme-palette-1-color\">\u2014 <\/mark><em>Le mirage des images<\/em><\/a><\/p>\n\n\n\n<p><code>2014<\/code><br>\u00b7 <a href=\"https:\/\/marinewallon.fr\/?page_id=252\/#go3\">Marion Delage de Luget,<br><mark style=\"background-color:rgba(0, 0, 0, 0)\" class=\"has-inline-color has-theme-palette-1-color\">\u2014 <\/mark><em>L&rsquo;horizontalit\u00e9 \u00e0 l\u2019\u0153uvre<\/em><\/a><\/p>\n\n\n\n<p><code>2013&nbsp;<\/code><br>\u2192 <strong>Marianne Derrien,<br><mark style=\"background-color:rgba(0, 0, 0, 0)\" class=\"has-inline-color has-theme-palette-1-color\">\u2014 <\/mark><em>Saxifraga Umbrosa<\/em><\/strong><\/p>\n\n\n\n<p><code>2011<\/code><br>\u00b7 <a href=\"https:\/\/marinewallon.fr\/?page_id=256\/#go1b\">Anne Collongues<\/a><\/p>\n<\/div>\n\n\n\n<div class=\"wp-block-column is-layout-flow wp-block-column-is-layout-flow\" style=\"flex-basis:64%\">\n<h2 class=\"wp-block-heading\" id=\"go2\"><\/h2>\n\n\n<style>.wp-block-kadence-spacer.kt-block-spacer-254_a7b4d0-2f .kt-block-spacer{height:14px;}.wp-block-kadence-spacer.kt-block-spacer-254_a7b4d0-2f .kt-divider{border-top-width:1px;height:1px;border-top-color:var(--global-palette3, #1A202C);width:100%;border-top-style:solid;}<\/style>\n<div class=\"wp-block-kadence-spacer aligncenter kt-block-spacer-254_a7b4d0-2f\"><div class=\"kt-block-spacer kt-block-spacer-halign-center\"><hr class=\"kt-divider\"\/><\/div><\/div>\n\n\n\n<p class=\"has-small-font-size\"><strong><em>Saxifraga Umbrosa<\/em><\/strong><br><br>Dans ses peintures dilu\u00e9es, Marine Wallon convoque des r\u00e9f\u00e9rences vari\u00e9es \u00e0 la fois proches de la litt\u00e9rature et du cin\u00e9ma. Ses polaroids reprennent l\u2019objet photographique sous forme de peinture. Ces images fauss\u00e9es, par des couleurs satur\u00e9es \u00e0 l\u2019atmosph\u00e8re inqui\u00e9tante \u00ab couleur d&rsquo;absinthe \u00bb, sont des espaces fragment\u00e9s o\u00f9 l\u2019\u00e2pret\u00e9 (pauvret\u00e9 des mat\u00e9riaux, accrochage minimal) et le fantastique se c\u00f4toient. L\u2019importance de la reproduction et l\u2019amusement avec les mots et les images sont fondamentaux dans sa pratique. Questionnant fonci\u00e8rement l\u2019unique et le reproductible, les textes, les l\u00e9gendes et les commentaires prennent une place \u00e0 part enti\u00e8re. Formes pensantes et montages po\u00e9tiques, les \u0153uvres de Marine Wallon pr\u00e9sentent des r\u00e9currences th\u00e9matiques o\u00f9 la perte et l&rsquo;intemporalit\u00e9 se confrontent : un danger r\u00f4de telle la figure du coyote, <em>ce chien qui l\u00e2che sa proie pour l&rsquo;ombr<\/em>e, r\u00e9f\u00e9rence au titre d&rsquo;une fable de la Fontaine.&nbsp;<\/p>\n\n\n\n<p class=\"has-text-align-right has-small-font-size\">Marianne Derrien, 2013&nbsp;<\/p>\n<\/div>\n<\/div>\n","protected":false},"excerpt":{"rendered":"<p>Critical texts 2026\u00b7 Paul Ardenne 2025\u00b7 Thomas Delamarre 2024\u00b7 Dominique Pa\u00efni\u00b7 Elsa Hougue 2023\u00b7 Estelle Marois\u00b7 Didier Semin\u00b7 Marie Maertens\u00b7 Marie de Brugerolle &amp; Anne Dary 2022\u00b7 Guy Boyer\u00b7 Benoit Blanchard &amp; Sarah Mercadante 2021\u00b7 Jo\u00ebl Riff\u00b7 Conversation\u2014 Jennifer Douzenel \u2014 M. Wallon\u00b7 Horya Makhlouf 2020\u00b7 Lignes Br\u00e8ves 2019\u00b7 Jo\u00ebl Riff\u00b7 Entretien avec Karin Schlageter&#8230;<\/p>\n","protected":false},"author":1,"featured_media":0,"parent":0,"menu_order":0,"comment_status":"closed","ping_status":"closed","template":"","meta":{"_kad_post_transparent":"","_kad_post_title":"","_kad_post_layout":"","_kad_post_sidebar_id":"","_kad_post_content_style":"","_kad_post_vertical_padding":"","_kad_post_feature":"","_kad_post_feature_position":"","_kad_post_header":false,"_kad_post_footer":false,"footnotes":""},"yoast_head":"<!-- This site is optimized with the Yoast SEO plugin v21.6 - https:\/\/yoast.com\/wordpress\/plugins\/seo\/ -->\n<title>Text 2013, Marianne Derrien, Saxifraga Umbrosa - MARINE WALLON<\/title>\n<meta name=\"robots\" content=\"index, follow, max-snippet:-1, max-image-preview:large, max-video-preview:-1\" \/>\n<link rel=\"canonical\" href=\"https:\/\/marinewallon.fr\/?page_id=254\" \/>\n<meta property=\"og:locale\" content=\"fr_FR\" \/>\n<meta property=\"og:type\" content=\"article\" \/>\n<meta property=\"og:title\" content=\"Text 2013, Marianne Derrien, Saxifraga Umbrosa - MARINE WALLON\" \/>\n<meta property=\"og:description\" content=\"Critical texts 2026\u00b7 Paul Ardenne 2025\u00b7 Thomas Delamarre 2024\u00b7 Dominique Pa\u00efni\u00b7 Elsa Hougue 2023\u00b7 Estelle Marois\u00b7 Didier Semin\u00b7 Marie Maertens\u00b7 Marie de Brugerolle &amp; Anne Dary 2022\u00b7 Guy Boyer\u00b7 Benoit Blanchard &amp; Sarah Mercadante 2021\u00b7 Jo\u00ebl Riff\u00b7 Conversation\u2014 Jennifer Douzenel \u2014 M. Wallon\u00b7 Horya Makhlouf 2020\u00b7 Lignes Br\u00e8ves 2019\u00b7 Jo\u00ebl Riff\u00b7 Entretien avec Karin Schlageter...\" \/>\n<meta property=\"og:url\" content=\"https:\/\/marinewallon.fr\/?page_id=254\" \/>\n<meta property=\"og:site_name\" content=\"MARINE WALLON\" \/>\n<meta property=\"article:modified_time\" content=\"2026-03-17T08:57:08+00:00\" \/>\n<meta name=\"twitter:card\" content=\"summary_large_image\" \/>\n<script type=\"application\/ld+json\" class=\"yoast-schema-graph\">{\"@context\":\"https:\/\/schema.org\",\"@graph\":[{\"@type\":\"WebPage\",\"@id\":\"https:\/\/marinewallon.fr\/?page_id=254\",\"url\":\"https:\/\/marinewallon.fr\/?page_id=254\",\"name\":\"Text 2013, Marianne Derrien, Saxifraga Umbrosa - MARINE WALLON\",\"isPartOf\":{\"@id\":\"https:\/\/marinewallon.fr\/#website\"},\"datePublished\":\"2023-09-12T21:21:14+00:00\",\"dateModified\":\"2026-03-17T08:57:08+00:00\",\"breadcrumb\":{\"@id\":\"https:\/\/marinewallon.fr\/?page_id=254#breadcrumb\"},\"inLanguage\":\"fr-FR\",\"potentialAction\":[{\"@type\":\"ReadAction\",\"target\":[\"https:\/\/marinewallon.fr\/?page_id=254\"]}]},{\"@type\":\"BreadcrumbList\",\"@id\":\"https:\/\/marinewallon.fr\/?page_id=254#breadcrumb\",\"itemListElement\":[{\"@type\":\"ListItem\",\"position\":1,\"name\":\"Accueil\",\"item\":\"https:\/\/marinewallon.fr\/\"},{\"@type\":\"ListItem\",\"position\":2,\"name\":\"Text 2013, Marianne Derrien, Saxifraga Umbrosa\"}]},{\"@type\":\"WebSite\",\"@id\":\"https:\/\/marinewallon.fr\/#website\",\"url\":\"https:\/\/marinewallon.fr\/\",\"name\":\"MARINE WALLON\",\"description\":\"\",\"alternateName\":\"marinewallon\",\"potentialAction\":[{\"@type\":\"SearchAction\",\"target\":{\"@type\":\"EntryPoint\",\"urlTemplate\":\"https:\/\/marinewallon.fr\/?s={search_term_string}\"},\"query-input\":\"required name=search_term_string\"}],\"inLanguage\":\"fr-FR\"}]}<\/script>\n<!-- \/ Yoast SEO plugin. -->","yoast_head_json":{"title":"Text 2013, Marianne Derrien, Saxifraga Umbrosa - MARINE WALLON","robots":{"index":"index","follow":"follow","max-snippet":"max-snippet:-1","max-image-preview":"max-image-preview:large","max-video-preview":"max-video-preview:-1"},"canonical":"https:\/\/marinewallon.fr\/?page_id=254","og_locale":"fr_FR","og_type":"article","og_title":"Text 2013, Marianne Derrien, Saxifraga Umbrosa - MARINE WALLON","og_description":"Critical texts 2026\u00b7 Paul Ardenne 2025\u00b7 Thomas Delamarre 2024\u00b7 Dominique Pa\u00efni\u00b7 Elsa Hougue 2023\u00b7 Estelle Marois\u00b7 Didier Semin\u00b7 Marie Maertens\u00b7 Marie de Brugerolle &amp; Anne Dary 2022\u00b7 Guy Boyer\u00b7 Benoit Blanchard &amp; Sarah Mercadante 2021\u00b7 Jo\u00ebl Riff\u00b7 Conversation\u2014 Jennifer Douzenel \u2014 M. Wallon\u00b7 Horya Makhlouf 2020\u00b7 Lignes Br\u00e8ves 2019\u00b7 Jo\u00ebl Riff\u00b7 Entretien avec Karin Schlageter...","og_url":"https:\/\/marinewallon.fr\/?page_id=254","og_site_name":"MARINE WALLON","article_modified_time":"2026-03-17T08:57:08+00:00","twitter_card":"summary_large_image","schema":{"@context":"https:\/\/schema.org","@graph":[{"@type":"WebPage","@id":"https:\/\/marinewallon.fr\/?page_id=254","url":"https:\/\/marinewallon.fr\/?page_id=254","name":"Text 2013, Marianne Derrien, Saxifraga Umbrosa - MARINE WALLON","isPartOf":{"@id":"https:\/\/marinewallon.fr\/#website"},"datePublished":"2023-09-12T21:21:14+00:00","dateModified":"2026-03-17T08:57:08+00:00","breadcrumb":{"@id":"https:\/\/marinewallon.fr\/?page_id=254#breadcrumb"},"inLanguage":"fr-FR","potentialAction":[{"@type":"ReadAction","target":["https:\/\/marinewallon.fr\/?page_id=254"]}]},{"@type":"BreadcrumbList","@id":"https:\/\/marinewallon.fr\/?page_id=254#breadcrumb","itemListElement":[{"@type":"ListItem","position":1,"name":"Accueil","item":"https:\/\/marinewallon.fr\/"},{"@type":"ListItem","position":2,"name":"Text 2013, Marianne Derrien, Saxifraga Umbrosa"}]},{"@type":"WebSite","@id":"https:\/\/marinewallon.fr\/#website","url":"https:\/\/marinewallon.fr\/","name":"MARINE WALLON","description":"","alternateName":"marinewallon","potentialAction":[{"@type":"SearchAction","target":{"@type":"EntryPoint","urlTemplate":"https:\/\/marinewallon.fr\/?s={search_term_string}"},"query-input":"required name=search_term_string"}],"inLanguage":"fr-FR"}]}},"_links":{"self":[{"href":"https:\/\/marinewallon.fr\/index.php?rest_route=\/wp\/v2\/pages\/254"}],"collection":[{"href":"https:\/\/marinewallon.fr\/index.php?rest_route=\/wp\/v2\/pages"}],"about":[{"href":"https:\/\/marinewallon.fr\/index.php?rest_route=\/wp\/v2\/types\/page"}],"author":[{"embeddable":true,"href":"https:\/\/marinewallon.fr\/index.php?rest_route=\/wp\/v2\/users\/1"}],"replies":[{"embeddable":true,"href":"https:\/\/marinewallon.fr\/index.php?rest_route=%2Fwp%2Fv2%2Fcomments&post=254"}],"version-history":[{"count":31,"href":"https:\/\/marinewallon.fr\/index.php?rest_route=\/wp\/v2\/pages\/254\/revisions"}],"predecessor-version":[{"id":2414,"href":"https:\/\/marinewallon.fr\/index.php?rest_route=\/wp\/v2\/pages\/254\/revisions\/2414"}],"wp:attachment":[{"href":"https:\/\/marinewallon.fr\/index.php?rest_route=%2Fwp%2Fv2%2Fmedia&parent=254"}],"curies":[{"name":"wp","href":"https:\/\/api.w.org\/{rel}","templated":true}]}}