{"id":256,"date":"2023-09-12T23:21:35","date_gmt":"2023-09-12T21:21:35","guid":{"rendered":"https:\/\/marinewallon.fr\/?page_id=256"},"modified":"2026-03-17T09:57:26","modified_gmt":"2026-03-17T08:57:26","slug":"text-2011-anne-collongues","status":"publish","type":"page","link":"https:\/\/marinewallon.fr\/?page_id=256","title":{"rendered":"Text 2011, Anne Collongues"},"content":{"rendered":"\n<h1 class=\"wp-block-heading\" style=\"font-size:28px\">Critical texts <\/h1>\n\n\n<style>.wp-block-kadence-spacer.kt-block-spacer-256_02c6a0-f5 .kt-block-spacer{height:10px;}.wp-block-kadence-spacer.kt-block-spacer-256_02c6a0-f5 .kt-divider{border-top-width:1px;height:1px;border-top-color:var(--global-palette1, #3182CE);width:80%;border-top-style:solid;}<\/style>\n<div class=\"wp-block-kadence-spacer aligncenter kt-block-spacer-256_02c6a0-f5\"><div class=\"kt-block-spacer kt-block-spacer-halign-center\"><hr class=\"kt-divider\"\/><\/div><\/div>\n\n\n\n<div class=\"wp-block-columns is-layout-flex wp-container-core-columns-is-layout-1 wp-block-columns-is-layout-flex\">\n<div class=\"wp-block-column is-layout-flow wp-block-column-is-layout-flow\" style=\"flex-basis:38%\">\n<p class=\"has-small-font-size\"><code>2026<\/code><br>\u00b7 <a href=\"https:\/\/marinewallon.fr\/?page_id=2381\/#go23\">Paul Ardenne<\/a><br><br><code>2025<\/code><br>\u00b7 <a href=\"https:\/\/marinewallon.fr\/?page_id=2181\/#go21\">Thomas Delamarre<\/a><br><br><code>2024<\/code><br>\u00b7 <a href=\"https:\/\/marinewallon.fr\/?page_id=1768\/#go0\">Dominique Pa\u00efni<\/a><br>\u00b7 <a href=\"https:\/\/marinewallon.fr\/?page_id=1773\/#go1\">Elsa Hougue<\/a><br><br><code>2023<\/code><br>\u00b7 <a data-type=\"page\" data-id=\"1388\" href=\"https:\/\/marinewallon.fr\/?page_id=1388\/#go19\">Estelle Marois<\/a><br>\u00b7 <a href=\"https:\/\/marinewallon.fr\/?page_id=146\/#go18\">Didier Semin<\/a><br>\u00b7 <a data-type=\"page\" data-id=\"1643\" href=\"https:\/\/marinewallon.fr\/?page_id=1643\/#go20\">Marie Maertens<\/a><br>\u00b7 <a href=\"https:\/\/marinewallon.fr\/?page_id=197\/#go16\">Marie de Brugerolle &amp; Anne Dary<\/a><br><br><code>2022<\/code><br>\u00b7 <a data-type=\"page\" data-id=\"187\" href=\"https:\/\/marinewallon.fr\/?page_id=187\/#go17\">Guy Boyer<\/a><br>\u00b7 <a data-type=\"page\" data-id=\"215\" href=\"https:\/\/marinewallon.fr\/?page_id=215\/#go15\">Benoit Blanchard &amp; Sarah Mercadante<\/a><br><br><code>2021<\/code><br>\u00b7 <a data-type=\"page\" data-id=\"230\" href=\"https:\/\/marinewallon.fr\/?page_id=230\/#go14\">Jo\u00ebl Riff<\/a><br>\u00b7 <a data-type=\"page\" data-id=\"232\" href=\"https:\/\/marinewallon.fr\/?page_id=232\/#go13\">Conversation<br><mark style=\"background-color:rgba(0, 0, 0, 0)\" class=\"has-inline-color has-theme-palette-1-color\">\u2014  <\/mark> Jennifer Douzenel \u2014 M. Wallon<\/a><br>\u00b7 <a data-type=\"page\" data-id=\"234\" href=\"https:\/\/marinewallon.fr\/?page_id=234\/#go12\">Horya Makhlouf<\/a><br><br><code>2020<\/code><br>\u00b7 <a data-type=\"page\" data-id=\"236\" href=\"https:\/\/marinewallon.fr\/?page_id=236\/#go11\">Lignes Br\u00e8ves<\/a><br><br><code>2019<\/code><br>\u00b7 <a data-type=\"page\" data-id=\"238\" href=\"https:\/\/marinewallon.fr\/?page_id=238\/#go10\">Jo\u00ebl Riff<\/a><br>\u00b7 <a data-type=\"page\" data-id=\"240\" href=\"https:\/\/marinewallon.fr\/?page_id=240\/#go9\">Entretien avec Karin Schlageter<\/a><br><br><code>2018\u00a0<\/code><br>\u00b7 <a data-type=\"page\" data-id=\"242\" href=\"https:\/\/marinewallon.fr\/?page_id=242\/#go8\">Sarah Ilher-Meyer<\/a><br>\u00b7 <a data-type=\"page\" data-id=\"244\" href=\"https:\/\/marinewallon.fr\/?page_id=244\/#go7\">Entretien avec Point Contemporain<\/a><br><br><code>2017<\/code><br>\u00b7 <a data-type=\"page\" data-id=\"246\" href=\"https:\/\/marinewallon.fr\/?page_id=246\/#go6\">Anne Collongues<\/a><br>\u00b7 <a data-type=\"page\" data-id=\"248\" href=\"https:\/\/marinewallon.fr\/?page_id=248\/#go5\">Th\u00e9o-Mario Coppola<\/a><br><br><code>2015<\/code><br>\u00b7 <a data-type=\"page\" data-id=\"250\" href=\"https:\/\/marinewallon.fr\/?page_id=250\/#go4\">Marianne Derrien,<br><mark style=\"background-color:rgba(0, 0, 0, 0)\" class=\"has-inline-color has-theme-palette-1-color\">\u2014  <\/mark><em>Le mirage des images<\/em><\/a><br><br><code>2014<\/code><br>\u00b7 <a data-type=\"page\" data-id=\"252\" href=\"https:\/\/marinewallon.fr\/?page_id=252\/#go3\">Marion Delage de Luget,<br><mark style=\"background-color:rgba(0, 0, 0, 0)\" class=\"has-inline-color has-theme-palette-1-color\">\u2014  <\/mark><em>L&rsquo;horizontalit\u00e9 \u00e0 l\u2019\u0153uvre<\/em><\/a><br><br><code>2013\u00a0<\/code><br>\u00b7 <a data-type=\"page\" data-id=\"254\" href=\"https:\/\/marinewallon.fr\/?page_id=254\/#go2\">Marianne Derrien,<br><mark style=\"background-color:rgba(0, 0, 0, 0)\" class=\"has-inline-color has-theme-palette-1-color\">\u2014  <\/mark><em>Saxifraga Umbrosa<\/em><\/a><br><br><code>2011<\/code><br><strong><em><strong><strong>\u2192<\/strong><\/strong><\/em><\/strong> <strong><em>Anne Collongues<\/em><\/strong><\/p>\n<\/div>\n\n\n\n<div class=\"wp-block-column is-layout-flow wp-block-column-is-layout-flow\" style=\"flex-basis:64%\">\n<h2 class=\"wp-block-heading\" id=\"go1b\"><\/h2>\n\n\n<style>.wp-block-kadence-spacer.kt-block-spacer-256_55cd35-1f .kt-block-spacer{height:14px;}.wp-block-kadence-spacer.kt-block-spacer-256_55cd35-1f .kt-divider{border-top-width:1px;height:1px;border-top-color:var(--global-palette3, #1A202C);width:100%;border-top-style:solid;}<\/style>\n<div class=\"wp-block-kadence-spacer aligncenter kt-block-spacer-256_55cd35-1f\"><div class=\"kt-block-spacer kt-block-spacer-halign-center\"><hr class=\"kt-divider\"\/><\/div><\/div>\n\n\n\n<p class=\"has-small-font-size\">Marine Wallon cr\u00e9e des atmosph\u00e8res qui nous absorbent, ouvrent des br\u00e8ches dans l\u2019espace-temps, offrent des espaces de contemplation. Son travail me semble traiter de la port\u00e9e affective du paysage: chaque s\u00e9rie sondant un \u00e9tat d\u2019\u00e2me dont chaque image serait une nuance subtile. Les sentiments comme les ciels gris, poss\u00e8dent un cama\u00efeu infini qu\u2019elle explore au travers de paysages intrigants et atemporels: b\u00e2timents d\u00e9sert\u00e9s, architectures silencieuses sur lesquelles le temps semble s\u2019\u00eatre arr\u00eat\u00e9.&nbsp;<br>&nbsp;<br>Ces images, derri\u00e8re lesquelles on peut facilement imaginer un r\u00e9cit en toile de fond \u2014 sans que l\u2019on puisse dire avec certitude lequel des deux a inspir\u00e9 l\u2019autre \u2014 rappellent, par leur pr\u00e9gnance, certains plans d\u2019Antonioni et suscitent ce que Maurice Blanchot nomme fascination, lorsque soudain \u201cle regard est entra\u00een\u00e9, absorb\u00e9 dans un mouvement immobile et un fond sans profondeur\u201d.&nbsp;<br>&nbsp;<br>Les aquarelles de la s\u00e9rie <em>\u00c0 l\u2019Est<\/em> ont la tonalit\u00e9 m\u00e9lancolique et l\u2019imminence que caract\u00e9risent les reflets dans l\u2019eau. Une eau stagnante et oubli\u00e9e dans laquelle plus personne ne viendrait faire de ricochets ou une flaque brun\u00e2tre dans un creux de route en terre que les ovales accident\u00e9s o\u00f9 se logent les images, sugg\u00e8rent.&nbsp;<br>&nbsp;<br>B\u00e2tisses isol\u00e9es dans un paysage d\u00e9sol\u00e9 qui se tiennent comme autant de st\u00e8les dans un cimeti\u00e8re que plus personne ne viendrait fleurir: ces images semblent capturer un instant pris en \u00e9tau entre deux \u00e9tats comme un souvenir condamn\u00e9 sur le point de sombrer dans l\u2019oubli et qu\u2019il serait vain de vouloir retenir. Ces paysages en sursis o\u00f9 m\u00eame les tons chauds sont teint\u00e9s de spleen m\u2019\u00e9voquent cette seconde o\u00f9 l\u2019on voudrait ne pas laisser le train partir, saisissent l\u2019in\u00e9luctable, le temps qui passe et ce qu\u2019il emporte avec lui.&nbsp;<br>&nbsp;<br>Ni int\u00e9rieurs, ni ext\u00e9rieurs, les espaces de la s\u00e9rie <em>Captures<\/em> sont, eux, des impasses dont on ne peut se d\u00e9tourner. Faits d\u2019arr\u00eates, d\u2019angles et de recoins, on se cogne \u00e0 l\u2019impossibilit\u00e9 d\u2019y \u00e9chapper. On ne peut qu\u2019imaginer, au-del\u00e0 des murs, ce que laissent pr\u00e9sager les trou\u00e9es de lumi\u00e8re blanche : des paysages dont on a \u00e9t\u00e9 priv\u00e9, des horizons attirants et myst\u00e9rieux comme un rai de lumi\u00e8re passant sous la porte d\u2019une pi\u00e8ce o\u00f9 l\u2019on aurait \u00e9t\u00e9 enferm\u00e9.&nbsp;<br>&nbsp;<br>De m\u00eame, les images titr\u00e9es <em>Surdit\u00e9<\/em>, <em>Silence<\/em>, <em>Soleil<\/em>, plein cadre et sans horizon, ne nous laissent pas d\u2019\u00e9chappatoire; pourtant elles sont moins angoissantes. Ces lieux \u00e9tranges mais pas compl\u00e8tement \u00e9trangers sont teint\u00e9s d\u2019ambivalence: leur taille, leur isolement et leur g\u00e9om\u00e9trie font autant penser \u00e0 des h\u00f4tels qu\u2019\u00e0 des prisons et ils semblent pouvoir tout aussi bien \u00eatre des lieux de cachette que d\u2019emb\u00fbche. S\u2019y r\u00e9fugier ou se retrouver pi\u00e9g\u00e9 ? Acc\u00e8s ou issue ? Le d\u00e9dale de clair-obscur laisse planer le doute, sous-entend la proximit\u00e9 de ces \u00e9tats pourtant oppos\u00e9s. Le traitement sensuel de la couleur par aplats sombres o\u00f9 vient se r\u00e9pandre la lumi\u00e8re par t\u00e2ches, donne de la profondeur \u00e0 ces images sans point de fuite, par lesquelles on se laisse happer.&nbsp;<br>&nbsp;<br>Les paysages que peint Marine Wallon, ruines ou constructions au c\u0153ur d\u2019une v\u00e9g\u00e9tation qui menace \u00e0 tout instant de reprendre ses droits, semblent osciller entre devenir et disparition. Elle semble arr\u00eater le temps \u00e0 cet instant pr\u00e9cis o\u00f9 un nuage passe devant le soleil, saisissant la lumi\u00e8re particuli\u00e8re qui se r\u00e9pand alors sur le monde, et elle sonde pour nous cette seconde \u00e9ph\u00e9m\u00e8re et myst\u00e9rieuse qu\u2019elle nous restitue au travers de peintures qui sont tout autant de paysages int\u00e9rieurs. Entre figuration et abstraction, r\u00e9alisme et symbolisme, c\u2019est un point sensible que ces images touchent au fond de nous.&nbsp;<\/p>\n\n\n\n<p class=\"has-text-align-right has-small-font-size\">Anne Collongues, 2011<\/p>\n<\/div>\n<\/div>\n","protected":false},"excerpt":{"rendered":"<p>Critical texts 2026\u00b7 Paul Ardenne 2025\u00b7 Thomas Delamarre 2024\u00b7 Dominique Pa\u00efni\u00b7 Elsa Hougue 2023\u00b7 Estelle Marois\u00b7 Didier Semin\u00b7 Marie Maertens\u00b7 Marie de Brugerolle &amp; Anne Dary 2022\u00b7 Guy Boyer\u00b7 Benoit Blanchard &amp; Sarah Mercadante 2021\u00b7 Jo\u00ebl Riff\u00b7 Conversation\u2014 Jennifer Douzenel \u2014 M. Wallon\u00b7 Horya Makhlouf 2020\u00b7 Lignes Br\u00e8ves 2019\u00b7 Jo\u00ebl Riff\u00b7 Entretien avec Karin Schlageter&#8230;<\/p>\n","protected":false},"author":1,"featured_media":0,"parent":0,"menu_order":0,"comment_status":"closed","ping_status":"closed","template":"","meta":{"_kad_post_transparent":"","_kad_post_title":"","_kad_post_layout":"","_kad_post_sidebar_id":"","_kad_post_content_style":"","_kad_post_vertical_padding":"","_kad_post_feature":"","_kad_post_feature_position":"","_kad_post_header":false,"_kad_post_footer":false,"footnotes":""},"yoast_head":"<!-- This site is optimized with the Yoast SEO plugin v21.6 - https:\/\/yoast.com\/wordpress\/plugins\/seo\/ -->\n<title>Text 2011, Anne Collongues - MARINE WALLON<\/title>\n<meta name=\"robots\" content=\"index, follow, max-snippet:-1, max-image-preview:large, max-video-preview:-1\" \/>\n<link rel=\"canonical\" href=\"https:\/\/marinewallon.fr\/?page_id=256\" \/>\n<meta property=\"og:locale\" content=\"fr_FR\" \/>\n<meta property=\"og:type\" content=\"article\" \/>\n<meta property=\"og:title\" content=\"Text 2011, Anne Collongues - MARINE WALLON\" \/>\n<meta property=\"og:description\" content=\"Critical texts 2026\u00b7 Paul Ardenne 2025\u00b7 Thomas Delamarre 2024\u00b7 Dominique Pa\u00efni\u00b7 Elsa Hougue 2023\u00b7 Estelle Marois\u00b7 Didier Semin\u00b7 Marie Maertens\u00b7 Marie de Brugerolle &amp; Anne Dary 2022\u00b7 Guy Boyer\u00b7 Benoit Blanchard &amp; Sarah Mercadante 2021\u00b7 Jo\u00ebl Riff\u00b7 Conversation\u2014 Jennifer Douzenel \u2014 M. Wallon\u00b7 Horya Makhlouf 2020\u00b7 Lignes Br\u00e8ves 2019\u00b7 Jo\u00ebl Riff\u00b7 Entretien avec Karin Schlageter...\" \/>\n<meta property=\"og:url\" content=\"https:\/\/marinewallon.fr\/?page_id=256\" \/>\n<meta property=\"og:site_name\" content=\"MARINE WALLON\" \/>\n<meta property=\"article:modified_time\" content=\"2026-03-17T08:57:26+00:00\" \/>\n<meta name=\"twitter:card\" content=\"summary_large_image\" \/>\n<meta name=\"twitter:label1\" content=\"Dur\u00e9e de lecture estim\u00e9e\" \/>\n\t<meta name=\"twitter:data1\" content=\"4 minutes\" \/>\n<script type=\"application\/ld+json\" class=\"yoast-schema-graph\">{\"@context\":\"https:\/\/schema.org\",\"@graph\":[{\"@type\":\"WebPage\",\"@id\":\"https:\/\/marinewallon.fr\/?page_id=256\",\"url\":\"https:\/\/marinewallon.fr\/?page_id=256\",\"name\":\"Text 2011, Anne Collongues - MARINE WALLON\",\"isPartOf\":{\"@id\":\"https:\/\/marinewallon.fr\/#website\"},\"datePublished\":\"2023-09-12T21:21:35+00:00\",\"dateModified\":\"2026-03-17T08:57:26+00:00\",\"breadcrumb\":{\"@id\":\"https:\/\/marinewallon.fr\/?page_id=256#breadcrumb\"},\"inLanguage\":\"fr-FR\",\"potentialAction\":[{\"@type\":\"ReadAction\",\"target\":[\"https:\/\/marinewallon.fr\/?page_id=256\"]}]},{\"@type\":\"BreadcrumbList\",\"@id\":\"https:\/\/marinewallon.fr\/?page_id=256#breadcrumb\",\"itemListElement\":[{\"@type\":\"ListItem\",\"position\":1,\"name\":\"Accueil\",\"item\":\"https:\/\/marinewallon.fr\/\"},{\"@type\":\"ListItem\",\"position\":2,\"name\":\"Text 2011, Anne Collongues\"}]},{\"@type\":\"WebSite\",\"@id\":\"https:\/\/marinewallon.fr\/#website\",\"url\":\"https:\/\/marinewallon.fr\/\",\"name\":\"MARINE WALLON\",\"description\":\"\",\"alternateName\":\"marinewallon\",\"potentialAction\":[{\"@type\":\"SearchAction\",\"target\":{\"@type\":\"EntryPoint\",\"urlTemplate\":\"https:\/\/marinewallon.fr\/?s={search_term_string}\"},\"query-input\":\"required name=search_term_string\"}],\"inLanguage\":\"fr-FR\"}]}<\/script>\n<!-- \/ Yoast SEO plugin. -->","yoast_head_json":{"title":"Text 2011, Anne Collongues - MARINE WALLON","robots":{"index":"index","follow":"follow","max-snippet":"max-snippet:-1","max-image-preview":"max-image-preview:large","max-video-preview":"max-video-preview:-1"},"canonical":"https:\/\/marinewallon.fr\/?page_id=256","og_locale":"fr_FR","og_type":"article","og_title":"Text 2011, Anne Collongues - MARINE WALLON","og_description":"Critical texts 2026\u00b7 Paul Ardenne 2025\u00b7 Thomas Delamarre 2024\u00b7 Dominique Pa\u00efni\u00b7 Elsa Hougue 2023\u00b7 Estelle Marois\u00b7 Didier Semin\u00b7 Marie Maertens\u00b7 Marie de Brugerolle &amp; Anne Dary 2022\u00b7 Guy Boyer\u00b7 Benoit Blanchard &amp; Sarah Mercadante 2021\u00b7 Jo\u00ebl Riff\u00b7 Conversation\u2014 Jennifer Douzenel \u2014 M. Wallon\u00b7 Horya Makhlouf 2020\u00b7 Lignes Br\u00e8ves 2019\u00b7 Jo\u00ebl Riff\u00b7 Entretien avec Karin Schlageter...","og_url":"https:\/\/marinewallon.fr\/?page_id=256","og_site_name":"MARINE WALLON","article_modified_time":"2026-03-17T08:57:26+00:00","twitter_card":"summary_large_image","twitter_misc":{"Dur\u00e9e de lecture estim\u00e9e":"4 minutes"},"schema":{"@context":"https:\/\/schema.org","@graph":[{"@type":"WebPage","@id":"https:\/\/marinewallon.fr\/?page_id=256","url":"https:\/\/marinewallon.fr\/?page_id=256","name":"Text 2011, Anne Collongues - MARINE WALLON","isPartOf":{"@id":"https:\/\/marinewallon.fr\/#website"},"datePublished":"2023-09-12T21:21:35+00:00","dateModified":"2026-03-17T08:57:26+00:00","breadcrumb":{"@id":"https:\/\/marinewallon.fr\/?page_id=256#breadcrumb"},"inLanguage":"fr-FR","potentialAction":[{"@type":"ReadAction","target":["https:\/\/marinewallon.fr\/?page_id=256"]}]},{"@type":"BreadcrumbList","@id":"https:\/\/marinewallon.fr\/?page_id=256#breadcrumb","itemListElement":[{"@type":"ListItem","position":1,"name":"Accueil","item":"https:\/\/marinewallon.fr\/"},{"@type":"ListItem","position":2,"name":"Text 2011, Anne Collongues"}]},{"@type":"WebSite","@id":"https:\/\/marinewallon.fr\/#website","url":"https:\/\/marinewallon.fr\/","name":"MARINE WALLON","description":"","alternateName":"marinewallon","potentialAction":[{"@type":"SearchAction","target":{"@type":"EntryPoint","urlTemplate":"https:\/\/marinewallon.fr\/?s={search_term_string}"},"query-input":"required name=search_term_string"}],"inLanguage":"fr-FR"}]}},"_links":{"self":[{"href":"https:\/\/marinewallon.fr\/index.php?rest_route=\/wp\/v2\/pages\/256"}],"collection":[{"href":"https:\/\/marinewallon.fr\/index.php?rest_route=\/wp\/v2\/pages"}],"about":[{"href":"https:\/\/marinewallon.fr\/index.php?rest_route=\/wp\/v2\/types\/page"}],"author":[{"embeddable":true,"href":"https:\/\/marinewallon.fr\/index.php?rest_route=\/wp\/v2\/users\/1"}],"replies":[{"embeddable":true,"href":"https:\/\/marinewallon.fr\/index.php?rest_route=%2Fwp%2Fv2%2Fcomments&post=256"}],"version-history":[{"count":41,"href":"https:\/\/marinewallon.fr\/index.php?rest_route=\/wp\/v2\/pages\/256\/revisions"}],"predecessor-version":[{"id":2415,"href":"https:\/\/marinewallon.fr\/index.php?rest_route=\/wp\/v2\/pages\/256\/revisions\/2415"}],"wp:attachment":[{"href":"https:\/\/marinewallon.fr\/index.php?rest_route=%2Fwp%2Fv2%2Fmedia&parent=256"}],"curies":[{"name":"wp","href":"https:\/\/api.w.org\/{rel}","templated":true}]}}